
{"id":1356,"date":"2025-01-29T22:22:21","date_gmt":"2025-01-29T22:22:21","guid":{"rendered":"https:\/\/cmc.azclan.com\/br\/?page_id=1356"},"modified":"2026-03-26T03:59:47","modified_gmt":"2026-03-26T03:59:47","slug":"avaliacoes-de-veiculos","status":"publish","type":"page","link":"https:\/\/cmc.azclan.com\/br\/avaliacoes-de-veiculos\/","title":{"rendered":"Avalia\u00e7\u00f5es de ve\u00edculos \u2b50"},"content":{"rendered":"<div class=\"back-button-container\"><button type=\"button\" class=\"back-button\" onclick=\"handleBackButton()\"><i class=\"fas fa-arrow-left\"><\/i> Voltar<\/button><\/div><h2 class=\"reviews-title\">Avalia\u00e7\u00f5es mais recentes<\/h2><script>\n        function handleBackButton() {\n            if (document.referrer && document.referrer !== window.location.href) {\n                window.history.back();\n            } else {\n                window.location.href = \"https:\/\/cmc.azclan.com\/br\/festas-e-eventos-no-cmc\";\n            }\n        }\n        <\/script><form method=\"GET\" action=\"https:\/\/cmc.azclan.com\/br\/wp-json\/wp\/v2\/pages\/1356\" class=\"search-form\"><div id=\"search-filters\"><div class=\"search-group\"><input type=\"text\" name=\"search_values[]\" placeholder=\"Buscar avalia\u00e7\u00f5es...\" class=\"search-input\"><div class=\"search-box-selector\"><select name=\"search_fields[]\" class=\"search-select\" onchange=\"changeInputType(this)\"><option value=\"all_fields\">Todos os campos<\/option><option value=\"miles\">Milhagem at\u00e9<\/option><option value=\"vehicle\">Ve\u00edculo<\/option><option value=\"brand_car\">Marca de Carro<\/option><option value=\"brand_moto\">Marca de Moto<\/option><option value=\"style_car\">Estilo de Carro<\/option><option value=\"style_moto\">Estilo de Moto<\/option><option value=\"move\">Movido<\/option><option value=\"view\">Vista<\/option><option value=\"model\">Modelo<\/option><option value=\"state\">Estado<\/option><option value=\"city\">Cidade<\/option><\/select><button type=\"button\" class=\"remove-filter\" onclick=\"removeSearchField(this)\">\u274c<\/button><\/div><\/div><\/div><button type=\"button\" id=\"add-filter\">+ Adicionar Filtro<\/button><button type=\"submit\" class=\"search-button\">Buscar<\/button><\/form><link href=\"https:\/\/cdnjs.cloudflare.com\/ajax\/libs\/font-awesome\/6.4.0\/css\/all.min.css\" rel=\"stylesheet\"><style>\n        .search-form {\n            text-align: center;\n            margin-bottom: 20px;\n        }\n        #search-filters > div{\n\t\t\tdisplay: flex;\n\t\t\talign-items: center;\n\t\t\tjustify-content: center;\n            flex-wrap: wrap;\n            max-width: 990px;\n            width: 100%;\n\t\t\tgap: 8px;\n\t\t\tmargin-bottom: 10px;\n\t\t}\n\n        #search-filters > div > div{\n\t\t\tdisplay: flex;\n            align-items: center;\n\t\t}\n        \/\/ #search-filters > div:first-child {\n        \/\/     display: flex;\n\t\t\/\/ \talign-items: center;\n\t\t\/\/ \tjustify-content: center;\n        \/\/     max-width: 990px;\n        \/\/     width: 100%;\n\t\t\/\/ \tgap: 8px;\n\t\t\/\/ \tmargin-bottom: 10px;\n        \/\/ }\n        .search-input {\n            width: 50%;\n            padding: 12px !important;\n            font-size: 16px;\n            border: 1px solid #ccc;\n            border-radius: 5px;\n            outline: none;\n        }\n        .search-button {\n            padding: 14px 30px !important;\n            font-size: 16px !important;\n            background: #0073aa;\n            color: #fff;\n            border: none !important;\n            border-radius: 5px !important;\n            cursor: pointer !important;\n            transition: background 0.3s ease !important;\n        }\n        .search-button:hover {\n            background: #005f87;\n        }\n\n        .reviews-title {\n            text-align: center;\n            font-size: 24px;\n            margin-bottom: 20px;\n            color: #0073aa;\n        }\n        .reviews-container {\n            display: flex;\n            flex-wrap: wrap;\n            gap: 20px;\n            justify-content: center;\n            padding: 10px;\n\t\t\tfont-size: 14px;\n\t\t\tcolor: #555;\n\t\t\tmargin: 5px 0;\n        }\n        .review-card {\n            width: 100%;\n            background: #fff;\n            border-radius: 10px;\n            box-shadow: 0px 4px 6px rgba(0, 0, 0, 0.1);\n            overflow: hidden;\n            transition: transform 0.3s ease-in-out;\n\t\t\tmax-width: 400px;\n        }\n        .review-card:hover {\n            transform: translateY(-5px);\n        }\n        .review-header {\n            display: flex;\n            align-items: center;\n            padding: 15px;\n            background: #ffffff;\n\t\t\twidht:100%;\n            color: #328bc3;\n        }\n        .review-author {\n            display: flex;\n            align-items: center;\n            text-decoration: none;\n            color: #328bc3;\n        }\n        .review-author img {\n            border-radius: 50%;\n            margin-right: 10px;\n        }\n        .review-content {\n            padding: 15px;\n        }\n\t\t.review-content p {\n            margin: 0 0 5px;\n        }\n\t\t\n        .review-content h2 {\n            font-size: 20px;\n\t\t\tmargin: 10px 0;\n\t\t\tcolor: #0073aa;\n        }\n        .review-content h2 a {\n            text-decoration: none;\n            color: #0073aa;\n        }\n        .review-content h2 a:hover {\n            text-decoration: underline;\n        }\n        .no-reviews {\n            text-align: center;\n            font-size: 18px;\n            color: #777;\n        }\n        .pagination {\n            display: flex;\n            justify-content: center;\n            margin-top: 20px;\n            gap: 8px;\n        }\n        .pagination a, .pagination .page-number {\n            padding: 8px 12px;\n            border-radius: 5px;\n            text-decoration: none;\n            font-weight: bold;\n            color: #0073aa;\n            background: #f8f8f8;\n            border: 1px solid #ddd;\n            transition: background 0.3s ease, color 0.3s ease;\n        }\n        .pagination a:hover {\n            background: #0073aa;\n            color: #fff;\n        }\n        .pagination .current {\n            background: #0073aa;\n            color: #fff;\n            border: 1px solid #0073aa;\n        }\n        .search-select{\n            height: 100%;\n            width: auto;\n            padding: 12px 40px 12px 12px;\n            border-radius: 5px;\n            font-size: 16px;\n        }\n        #add-filter {\n            padding: 14px 20px;\n            margin: 5px;\n            font-size: 16px;\n            background: #0073aa;\n            color: #fff;\n            border: none;\n            border-radius: 5px;\n            cursor: pointer;\n            transition: background 0.3s ease;\n        }\n        .search-button:hover, #add-filter:hover {\n        background: #005f87;\n        }\n\n        .remove-filter {\n            color: #fff;\n            border: none;\n            border-radius: 50%;\n            width: 30px;\n            height: 30px;\n            cursor: pointer;\n            font-size: 16px;\n            display: flex;\n            align-items: center;\n            justify-content: center;\n            margin-left: 0.5rem;\n            display: contents;\n\n        }\n        .remove-filter:hover {\n            background: #c82333;\n        }\n\n        .brand-select{\n            height: 100%;\n        }\n        .review-photo {\n            width: 100%;\n            height: 200px;\n            overflow: hidden;\n            border-bottom: 1px solid #eee; \/* Adiciona uma borda para separar a foto do conte\u00fado *\/\n        }\n\n        .review-photo img {\n            width: 100%;\n            height: 100%;\n            object-fit: cover; \/* Garante que a imagem cubra o container sem distorcer *\/\n            transition: transform 0.3s ease; \/* Adiciona uma anima\u00e7\u00e3o suave ao passar o mouse *\/\n        }\n\n        .review-card:hover .review-photo img {\n            transform: scale(1.05); \/* Efeito de zoom ao passar o mouse *\/\n        }\n\t\t.back-button-container {\n\t\t\ttext-align: left;\n\t\t\tmargin-bottom: 20px;\n\t\t}\n\n\t\t.back-button {\n\t\t\tbackground: linear-gradient(135deg, #0073e6, #005bb5);\n\t\t\tcolor:#f6fbff;\n\t\t\tborder: none;\n\t\t\tpadding: 10px 20px;\n\t\t\tborder-radius: 8px;\n\t\t\tcursor: pointer;\n\t\t\tfont-size: 18px;\n\t\t\ttransition: background 0.3s;\n\t\t}\n\n\t\t.back-button:hover {\n\t\t\tbackground-color: #043e71;\n\t\t}\n\t\t@media (max-width: 600px) {\n\t\t\t.back-button {\n\t\t\t\tfont-size: 18px;\n\t\t\t}\n\t\t}\n        @media (max-width: 425px) {\n            .search-input{\n                width: 100%;\n            }\n            .search-select{\n                width: 100%;\n            }\n            #search-filters > div > div{\n                width: 100%;\n            }\n\t\t}\n        <\/style>\n\n        <script>\n        document.addEventListener(\"DOMContentLoaded\", function() {\n            \/\/ Adicionar novo filtro\n            document.getElementById(\"add-filter\").addEventListener(\"click\", function() {\n                let container = document.getElementById(\"search-filters\");\n                let newFilter = document.createElement(\"div\");\n                newFilter.classList.add(\"search-group\");\n                newFilter.innerHTML = `\n                    <input type=\"text\" name=\"search_values[]\" placeholder=\"Buscar avalia\u00e7\u00f5es...\" class=\"search-input\">\n                    <div class=\"search-box-selector\">\n                        <select name=\"search_fields[]\" class=\"search-select\" onchange=\"changeInputType(this)\">\n                            <option value=\"all_fields\">Todos os campos<\/option>\n                            <option value=\"miles\">Milhagem at\u00e9<\/option>\n                            <option value=\"vehicle\">Ve\u00edculo<\/option>\n                            <option value=\"brand_car\">Marca de Carro<\/option>\n                            <option value=\"brand_moto\">Marca de Moto<\/option>\n                            <option value=\"move\">Movido<\/option>\n                            <option value=\"view\">Vista<\/option>\n                            <option value=\"model\">Modelo<\/option>\n                            <option value=\"style\">Estilo<\/option>\n                            <option value=\"state\">Estado<\/option>\n                            <option value=\"city\">Cidade<\/option>\n                        <\/select>\n                        <button type=\"button\" class=\"remove-filter\" onclick=\"removeSearchField(this)\">\u274c<\/button>\n                    <\/div>\n                `;\n                container.appendChild(newFilter);\n            });\n        \n            \/\/ Remover filtro\n            window.removeSearchField = function(button) {\n                button.parentElement.parentElement.remove();\n            };\n        \n            \/\/ Mudar tipo de input\n        \n        window.changeInputType = function(select) {\n        var searchGroup = select.closest(\".search-group\");\n        var searchInput = searchGroup.querySelector(\".search-input\");\n        var selectedValue = select.value;\n\n        if (selectedValue === \"brand_car\" || selectedValue === \"brand_moto\" || selectedValue === \"style_car\" || selectedValue === \"style_moto\" || selectedValue === \"vehicle\" || selectedValue === \"view\" || selectedValue === \"move\") {\n            \/\/ Cria um novo select para marcas, estilos, ve\u00edculos, view ou move\n            var newSelect = document.createElement(\"select\");\n            newSelect.name = \"search_values[]\";\n            newSelect.className = \"search-input brand-select\";\n            newSelect.innerHTML = \"<option value=''>Selecione uma op\u00e7\u00e3o<\/option>\";\n\n            if (selectedValue === \"brand_car\") {\n                \/\/ Marcas de carro\n                const carBrands = [\n                    \"Volkswagen\", \"Fiat\", \"Chevrolet\", \"Ford\", \"Renault\", \"Honda\", \"Toyota\", \"Nissan\", \"Hyundai\", \"Kia\",\n                    \"Peugeot\", \"Citro\u00ebn\", \"Mitsubishi\", \"Subaru\", \"Jeep\", \"Land Rover\", \"Mercedes-Benz\", \"BMW\", \"BYD\",\n                    \"Jaguar\", \"Ferrari\", \"Audi\", \"Lamborghini\", \"Troller\", \"Suzuki\"\n                ];\n                carBrands.forEach(brand => {\n                    newSelect.innerHTML += `<option value=\"${brand}\">${brand}<\/option>`;\n                });\n            } else if (selectedValue === \"brand_moto\") {\n                \/\/ Marcas de moto\n                const motoBrands = [\n                    \"Honda\", \"Yamaha\", \"BMW\", \"Kawasaki\", \"Suzuki\", \"Kasinski\", \"Traxx\", \"KTM\", \"Motomel\", \"Ducati\",\n                    \"Harley-Davidson\", \"Triumph\", \"\u00cdndio\", \"Moto Guzzi\", \"Aprilia\", \"Benelli\", \"CFMOTO\", \"Zontes\",\n                    \"Real Enfield\", \"SYM\", \"Piaggio\", \"Loncin\", \"Jiangsu\", \"Bimota\", \"Vespa\", \"Lifan\", \"Shineray\"\n                ];\n                motoBrands.forEach(brand => {\n                    newSelect.innerHTML += `<option value=\"${brand}\">${brand}<\/option>`;\n                });\n            } else if (selectedValue === \"style_car\") {\n                \/\/ Estilos de carro\n                const carStyles = [\n                    \"Hatch\", \"Sedan\", \"SUV\", \"Picapes\", \"Crossover\", \"Perua\", \"Minivan\", \"Esportivo\", \"Super esportivo\", \"Furg\u00e3o\", \"Cup\u00ea\"\n                ];\n                carStyles.forEach(style => {\n                    newSelect.innerHTML += `<option value=\"${style}\">${style}<\/option>`;\n                });\n            } else if (selectedValue === \"style_moto\") {\n                \/\/ Estilos de moto\n                const motoStyles = [\n                    \"Big Trail\", \"Custom\", \"Customizada\", \"Esportiva\", \"Naked\", \"Scooter\", \"Street\/City\", \"Touring\", \"Trail\", \"Off-road\",\n                    \"Bobber\", \"Chopper\", \"Cafe Racers\", \"Scrambler\", \"Roadster\", \"Streetfighter\"\n                ];\n                motoStyles.forEach(style => {\n                    newSelect.innerHTML += `<option value=\"${style}\">${style}<\/option>`;\n                });\n            } else if (selectedValue === \"vehicle\") {\n                \/\/ Tipos de ve\u00edculo\n                const vehicleTypes = [\n                    \"Ciclomotor\", \"Moto\", \"Carro\", \"Caminh\u00e3o\", \"Drone\", \"Motorhome\", \"Barco\/motor\", \"Lancha\", \"Iate\",\n                    \"Jet Sky\", \"Jetsurf\", \"Jet Waves\", \"Flyboard\", \"Navio\", \"Ultra leve\", \"Helic\u00f3ptero\", \"Avi\u00e3o\"\n                ];\n                vehicleTypes.forEach(type => {\n                    newSelect.innerHTML += `<option value=\"${type}\">${type}<\/option>`;\n                });\n            } else if (selectedValue === \"view\") {\n                \/\/ Op\u00e7\u00f5es de \"view\"\n                const viewOptions = [\n                    \"Tutor do ve\u00edculo\", \"Influenciador\", \"Revendedora\"\n                ];\n                viewOptions.forEach(option => {\n                    newSelect.innerHTML += `<option value=\"${option}\">${option}<\/option>`;\n                });\n            } else if (selectedValue === \"move\") {\n                \/\/ Op\u00e7\u00f5es de \"move\"\n                const moveOptions = [\n                    \"Combust\u00e3o\", \"El\u00e9trico\", \"H\u00edbrido\"\n                ];\n                moveOptions.forEach(option => {\n                    newSelect.innerHTML += `<option value=\"${option}\">${option}<\/option>`;\n                });\n            }\n\n            \/\/ Substitui o input pelo select\n            searchGroup.replaceChild(newSelect, searchInput);\n        } else {\n            \/\/ Se n\u00e3o for um campo de select, volta a ser um input text\n            var textInput = document.createElement(\"input\");\n            textInput.type = \"text\";\n            textInput.name = \"search_values[]\";\n            textInput.className = \"search-input\";\n            textInput.placeholder = \"Buscar avalia\u00e7\u00f5es...\";\n            searchGroup.replaceChild(textInput, searchInput);\n        }\n    }\n        });\n        <\/script><div class=\"reviews-container\"><div class=\"review-card\"><div class=\"review-photo\"><a href=\"https:\/\/cmc.azclan.com\/br\/avaliacao\/carro-xcxc\/\"><img decoding=\"async\" src=\"https:\/\/cmc.azclan.com\/br\/wp-content\/uploads\/2026\/04\/review-7543-1775046607-0-1.jpg\" alt=\"Foto do Ve\u00edculo\"><\/a><\/div><div class=\"review-content\"><h2><a href=\"https:\/\/cmc.azclan.com\/br\/avaliacao\/carro-xcxc\/\">Carro &#8211; xcxc<\/a><\/h2>\t  <p><strong>Km \u2013 Mn \u2013 Ciclo de voo:<\/strong> 50<\/p>    <p><strong>Marca:<\/strong> Jaguar<\/p>    <p><strong>Modelo:<\/strong> xcxc<\/p>    <p><strong>Ano de fabrica\u00e7\u00e3o:<\/strong> 2025<\/p><div class=\"review-header\"><a href=\"https:\/\/cmc.azclan.com\/br\/membros\/zayhow\/\" class=\"review-author\"><img alt='' src='https:\/\/cmc.azclan.com\/br\/wp-content\/uploads\/avatars\/14\/1774485628-bpthumb.jpg' srcset='https:\/\/cmc.azclan.com\/br\/wp-content\/uploads\/avatars\/14\/1774485628-bpfull.jpg 2x' class='avatar avatar-50 photo' height='50' width='50' \/><span>Zayhow<\/span><\/a><\/div><\/div><\/div><\/div>\n","protected":false},"excerpt":{"rendered":"","protected":false},"author":3,"featured_media":0,"parent":0,"menu_order":0,"comment_status":"closed","ping_status":"closed","template":"","meta":{"postBodyCss":"","postBodyMargin":[],"postBodyPadding":[],"postBodyBackground":{"backgroundType":"classic","gradient":""},"footnotes":""},"class_list":["post-1356","page","type-page","status-publish","hentry"],"yoast_head":"<!-- This site is optimized with the Yoast SEO plugin v27.3 - https:\/\/yoast.com\/product\/yoast-seo-wordpress\/ -->\n<title>Avalia\u00e7\u00f5es de ve\u00edculos \u2b50 - CMC<\/title>\n<meta name=\"robots\" content=\"index, follow, max-snippet:-1, max-image-preview:large, max-video-preview:-1\" \/>\n<link rel=\"canonical\" href=\"https:\/\/cmc.azclan.com\/br\/avaliacoes-de-veiculos\/\" \/>\n<meta property=\"og:locale\" content=\"pt_BR\" \/>\n<meta property=\"og:type\" content=\"article\" \/>\n<meta property=\"og:title\" content=\"Avalia\u00e7\u00f5es de ve\u00edculos \u2b50 - CMC\" \/>\n<meta property=\"og:url\" content=\"https:\/\/cmc.azclan.com\/br\/avaliacoes-de-veiculos\/\" \/>\n<meta property=\"og:site_name\" content=\"CMC\" \/>\n<meta property=\"article:modified_time\" content=\"2026-03-26T03:59:47+00:00\" \/>\n<meta name=\"twitter:card\" content=\"summary_large_image\" \/>\n<meta name=\"twitter:label1\" content=\"Est. tempo de leitura\" \/>\n\t<meta name=\"twitter:data1\" content=\"1 minuto\" \/>\n<script type=\"application\/ld+json\" class=\"yoast-schema-graph\">{\"@context\":\"https:\\\/\\\/schema.org\",\"@graph\":[{\"@type\":\"WebPage\",\"@id\":\"https:\\\/\\\/cmc.azclan.com\\\/br\\\/avaliacoes-de-veiculos\\\/\",\"url\":\"https:\\\/\\\/cmc.azclan.com\\\/br\\\/avaliacoes-de-veiculos\\\/\",\"name\":\"Avalia\u00e7\u00f5es de ve\u00edculos \u2b50 - CMC\",\"isPartOf\":{\"@id\":\"https:\\\/\\\/cmc.azclan.com\\\/br\\\/#website\"},\"datePublished\":\"2025-01-29T22:22:21+00:00\",\"dateModified\":\"2026-03-26T03:59:47+00:00\",\"breadcrumb\":{\"@id\":\"https:\\\/\\\/cmc.azclan.com\\\/br\\\/avaliacoes-de-veiculos\\\/#breadcrumb\"},\"inLanguage\":\"pt-BR\",\"potentialAction\":[{\"@type\":\"ReadAction\",\"target\":[\"https:\\\/\\\/cmc.azclan.com\\\/br\\\/avaliacoes-de-veiculos\\\/\"]}]},{\"@type\":\"BreadcrumbList\",\"@id\":\"https:\\\/\\\/cmc.azclan.com\\\/br\\\/avaliacoes-de-veiculos\\\/#breadcrumb\",\"itemListElement\":[{\"@type\":\"ListItem\",\"position\":1,\"name\":\"In\u00edcio\",\"item\":\"https:\\\/\\\/cmc.azclan.com\\\/br\\\/biela\\\/\"},{\"@type\":\"ListItem\",\"position\":2,\"name\":\"Avalia\u00e7\u00f5es de ve\u00edculos \u2b50\"}]},{\"@type\":\"WebSite\",\"@id\":\"https:\\\/\\\/cmc.azclan.com\\\/br\\\/#website\",\"url\":\"https:\\\/\\\/cmc.azclan.com\\\/br\\\/\",\"name\":\"CMC\",\"description\":\"\",\"publisher\":{\"@id\":\"https:\\\/\\\/cmc.azclan.com\\\/br\\\/#organization\"},\"alternateName\":\"Azclan\",\"potentialAction\":[{\"@type\":\"SearchAction\",\"target\":{\"@type\":\"EntryPoint\",\"urlTemplate\":\"https:\\\/\\\/cmc.azclan.com\\\/br\\\/?s={search_term_string}\"},\"query-input\":{\"@type\":\"PropertyValueSpecification\",\"valueRequired\":true,\"valueName\":\"search_term_string\"}}],\"inLanguage\":\"pt-BR\"},{\"@type\":\"Organization\",\"@id\":\"https:\\\/\\\/cmc.azclan.com\\\/br\\\/#organization\",\"name\":\"cmc.azclan.com\\\/br\\\/\",\"alternateName\":\"cmc\",\"url\":\"https:\\\/\\\/cmc.azclan.com\\\/br\\\/\",\"logo\":{\"@type\":\"ImageObject\",\"inLanguage\":\"pt-BR\",\"@id\":\"https:\\\/\\\/cmc.azclan.com\\\/br\\\/#\\\/schema\\\/logo\\\/image\\\/\",\"url\":\"https:\\\/\\\/cmc.azclan.com\\\/br\\\/wp-content\\\/uploads\\\/2025\\\/01\\\/SGN_12_24_2024_1735070580955-e1738120586114.png\",\"contentUrl\":\"https:\\\/\\\/cmc.azclan.com\\\/br\\\/wp-content\\\/uploads\\\/2025\\\/01\\\/SGN_12_24_2024_1735070580955-e1738120586114.png\",\"width\":1450,\"height\":1470,\"caption\":\"cmc.azclan.com\\\/br\\\/\"},\"image\":{\"@id\":\"https:\\\/\\\/cmc.azclan.com\\\/br\\\/#\\\/schema\\\/logo\\\/image\\\/\"}}]}<\/script>\n<!-- \/ Yoast SEO plugin. -->","yoast_head_json":{"title":"Avalia\u00e7\u00f5es de ve\u00edculos \u2b50 - CMC","robots":{"index":"index","follow":"follow","max-snippet":"max-snippet:-1","max-image-preview":"max-image-preview:large","max-video-preview":"max-video-preview:-1"},"canonical":"https:\/\/cmc.azclan.com\/br\/avaliacoes-de-veiculos\/","og_locale":"pt_BR","og_type":"article","og_title":"Avalia\u00e7\u00f5es de ve\u00edculos \u2b50 - CMC","og_url":"https:\/\/cmc.azclan.com\/br\/avaliacoes-de-veiculos\/","og_site_name":"CMC","article_modified_time":"2026-03-26T03:59:47+00:00","twitter_card":"summary_large_image","twitter_misc":{"Est. tempo de leitura":"1 minuto"},"schema":{"@context":"https:\/\/schema.org","@graph":[{"@type":"WebPage","@id":"https:\/\/cmc.azclan.com\/br\/avaliacoes-de-veiculos\/","url":"https:\/\/cmc.azclan.com\/br\/avaliacoes-de-veiculos\/","name":"Avalia\u00e7\u00f5es de ve\u00edculos \u2b50 - CMC","isPartOf":{"@id":"https:\/\/cmc.azclan.com\/br\/#website"},"datePublished":"2025-01-29T22:22:21+00:00","dateModified":"2026-03-26T03:59:47+00:00","breadcrumb":{"@id":"https:\/\/cmc.azclan.com\/br\/avaliacoes-de-veiculos\/#breadcrumb"},"inLanguage":"pt-BR","potentialAction":[{"@type":"ReadAction","target":["https:\/\/cmc.azclan.com\/br\/avaliacoes-de-veiculos\/"]}]},{"@type":"BreadcrumbList","@id":"https:\/\/cmc.azclan.com\/br\/avaliacoes-de-veiculos\/#breadcrumb","itemListElement":[{"@type":"ListItem","position":1,"name":"In\u00edcio","item":"https:\/\/cmc.azclan.com\/br\/biela\/"},{"@type":"ListItem","position":2,"name":"Avalia\u00e7\u00f5es de ve\u00edculos \u2b50"}]},{"@type":"WebSite","@id":"https:\/\/cmc.azclan.com\/br\/#website","url":"https:\/\/cmc.azclan.com\/br\/","name":"CMC","description":"","publisher":{"@id":"https:\/\/cmc.azclan.com\/br\/#organization"},"alternateName":"Azclan","potentialAction":[{"@type":"SearchAction","target":{"@type":"EntryPoint","urlTemplate":"https:\/\/cmc.azclan.com\/br\/?s={search_term_string}"},"query-input":{"@type":"PropertyValueSpecification","valueRequired":true,"valueName":"search_term_string"}}],"inLanguage":"pt-BR"},{"@type":"Organization","@id":"https:\/\/cmc.azclan.com\/br\/#organization","name":"cmc.azclan.com\/br\/","alternateName":"cmc","url":"https:\/\/cmc.azclan.com\/br\/","logo":{"@type":"ImageObject","inLanguage":"pt-BR","@id":"https:\/\/cmc.azclan.com\/br\/#\/schema\/logo\/image\/","url":"https:\/\/cmc.azclan.com\/br\/wp-content\/uploads\/2025\/01\/SGN_12_24_2024_1735070580955-e1738120586114.png","contentUrl":"https:\/\/cmc.azclan.com\/br\/wp-content\/uploads\/2025\/01\/SGN_12_24_2024_1735070580955-e1738120586114.png","width":1450,"height":1470,"caption":"cmc.azclan.com\/br\/"},"image":{"@id":"https:\/\/cmc.azclan.com\/br\/#\/schema\/logo\/image\/"}}]}},"_links":{"self":[{"href":"https:\/\/cmc.azclan.com\/br\/wp-json\/wp\/v2\/pages\/1356","targetHints":{"allow":["GET"]}}],"collection":[{"href":"https:\/\/cmc.azclan.com\/br\/wp-json\/wp\/v2\/pages"}],"about":[{"href":"https:\/\/cmc.azclan.com\/br\/wp-json\/wp\/v2\/types\/page"}],"author":[{"embeddable":true,"href":"https:\/\/cmc.azclan.com\/br\/wp-json\/wp\/v2\/users\/3"}],"replies":[{"embeddable":true,"href":"https:\/\/cmc.azclan.com\/br\/wp-json\/wp\/v2\/comments?post=1356"}],"version-history":[{"count":8,"href":"https:\/\/cmc.azclan.com\/br\/wp-json\/wp\/v2\/pages\/1356\/revisions"}],"predecessor-version":[{"id":7389,"href":"https:\/\/cmc.azclan.com\/br\/wp-json\/wp\/v2\/pages\/1356\/revisions\/7389"}],"wp:attachment":[{"href":"https:\/\/cmc.azclan.com\/br\/wp-json\/wp\/v2\/media?parent=1356"}],"curies":[{"name":"wp","href":"https:\/\/api.w.org\/{rel}","templated":true}]}}