
{"id":1388,"date":"2025-06-19T15:31:43","date_gmt":"2025-06-19T15:31:43","guid":{"rendered":"https:\/\/cmc.azclan.com\/br\/?page_id=1388"},"modified":"2026-03-26T03:57:02","modified_gmt":"2026-03-26T03:57:02","slug":"manifestacoes","status":"publish","type":"page","link":"https:\/\/cmc.azclan.com\/br\/manifestacoes\/","title":{"rendered":"Encontros e manifesta\u00e7\u00f5es \ud83d\udce2"},"content":{"rendered":"\t\t<div data-elementor-type=\"wp-page\" data-elementor-id=\"1388\" class=\"elementor elementor-1388\">\n\t\t\t\t<div class=\"elementor-element elementor-element-31d567d1 e-flex e-con-boxed e-con e-parent\" data-id=\"31d567d1\" data-element_type=\"container\" data-e-type=\"container\">\n\t\t\t\t\t<div class=\"e-con-inner\">\n\t\t\t\t<div class=\"elementor-element elementor-element-c841387 elementor-widget elementor-widget-shortcode\" data-id=\"c841387\" data-element_type=\"widget\" data-e-type=\"widget\" data-widget_type=\"shortcode.default\">\n\t\t\t\t<div class=\"elementor-widget-container\">\n\t\t\t\t\t\t\t<div class=\"elementor-shortcode\">\t\t<link href=\"https:\/\/cdnjs.cloudflare.com\/ajax\/libs\/font-awesome\/6.4.0\/css\/all.min.css\" rel=\"stylesheet\">\n\n\t\t<script>\n\t\tdocument.addEventListener('DOMContentLoaded', function () {\n\n\t\t\twindow.removeSearchField = function (button) {\n\t\t\t\tbutton.closest(\".search-group\").remove();\n\t\t\t};\n\n\t\t\tconst addButton = document.getElementById(\"add-filter\");\n\t\t\tconst filtersContainer = document.getElementById(\"search-filters\");\n\n\t\t\taddButton.addEventListener(\"click\", function () {\n\t\t\t\tconst newFilter = document.createElement(\"div\");\n\t\t\t\tnewFilter.classList.add(\"search-group\");\n\t\t\t\tnewFilter.innerHTML = `\n\t\t\t\t\t<input type=\"text\" name=\"search_values[]\" placeholder=\"Buscar manifesta\u00e7\u00f5es...\" class=\"search-input\">\n\t\t\t\t\t<div class=\"search-box-selector\">\n\t\t\t\t\t\t<select name=\"search_fields[]\" class=\"search-select\">\n\t\t\t\t\t\t\t<option value=\"all\">Todos os Campos<\/option>\n\t\t\t\t\t\t\t<option value=\"title\">T\u00edtulo<\/option>\n\t\t\t\t\t\t\t<option value=\"type\">Tipo<\/option>\n\t\t\t\t\t\t\t<option value=\"state\">Estado<\/option>\n\t\t\t\t\t\t\t<option value=\"city\">Cidade<\/option>\n\t\t\t\t\t\t\t<option value=\"neighborhood\">Bairro<\/option>\n\t\t\t\t\t\t\t<option value=\"identification\">Identifica\u00e7\u00e3o<\/option>\n\t\t\t\t\t\t\t<option value=\"reason\">Motivo<\/option>\n\t\t\t\t\t\t\t<option value=\"intention\">Inten\u00e7\u00e3o<\/option>\n\t\t\t\t\t\t\t<option value=\"purpose\">Prop\u00f3sito<\/option>\n\t\t\t\t\t\t\t<option value=\"clan\">Cl\u00e3<\/option>\n\t\t\t\t\t\t\t<option value=\"date\">Data<\/option>\n\t\t\t\t\t\t<\/select>\n\t\t\t\t\t\t<button type=\"button\" class=\"remove-filter\" onclick=\"removeSearchField(this)\">\u274c<\/button>\n\t\t\t\t\t<\/div>\n\t\t\t\t`;\n\t\t\t\tfiltersContainer.appendChild(newFilter);\n\n\t\t\t});\n\n\t\t\t\n\t\t});\n\t\tfunction handleBackButton() {\n\t\t\tif (document.referrer && document.referrer !== window.location.href) {\n\t\t\t\twindow.history.back();\n\t\t\t} else {\n\t\t\t\twindow.location.href = 'https:\/\/cmc.azclan.com\/br\/festas-e-eventos-no-cmc';\n\t\t\t}\n\t\t}\n\t\t<\/script>\n\t\t\t<style>\n\t\t\t\t\th2.manifestations-title {\n\t\t\t\t\t\ttext-align: center;\n\t\t\t\t\t\tfont-size: 24px;\n\t\t\t\t\t\tmargin-bottom: 20px;\n\t\t\t\t\t\tcolor: #0073aa;\n\t\t\t\t\t}\n\t\t\t\t\t.manifestations-container {\n\t\t\t\t\t\tdisplay: flex;\n\t\t\t\t\t\tflex-wrap: wrap;\n\t\t\t\t\t\tgap: 20px;\n\t\t\t\t\t\tjustify-content: center;\n\t\t\t\t\t}\n\t\t\t\t\t.manifestation-card {\n\t\t\t\t\t\tdisplay: flex;\n\t\t\t\t\t\tflex-direction: column;\n\t\t\t\t\t\tjustify-content: space-between;\n\t\t\t\t\t\tbackground: #fff;\n\t\t\t\t\t\tborder-radius: 12px;\n\t\t\t\t\t\tbox-shadow: 0 4px 15px rgba(0, 0, 0, 0.08);\n\t\t\t\t\t\toverflow: hidden;\n\t\t\t\t\t\twidth: 100%;\n\t\t\t\t\t\tmax-width: 400px;\n\t\t\t\t\t\tmin-height: 480px;\n\t\t\t\t\t\ttransition: transform 0.3s ease, box-shadow 0.3s ease;\n\t\t\t\t\t}\n\t\t\t\t\t.manifestation-card:hover {\n\t\t\t\t\t\ttransform: translateY(-5px);\n\t\t\t\t\t\tbox-shadow: 0 8px 20px rgba(0, 0, 0, 0.12);\n\t\t\t\t\t}\n\t\t\t\t\t.manifestation-card img {\n\t\t\t\t\t\tdisplay: block;\n\t\t\t\t\t\twidth: 100%;\n\t\t\t\t\t\theight: 200px;\n\t\t\t\t\t\tobject-fit: cover;\n\t\t\t\t\t\tborder-radius: 8px 8px 0 0;\n\t\t\t\t\t\toverflow: hidden;\n\t\t\t\t\t\tborder-bottom: 1px solid #eee;\n\t\t\t\t\t}\n\t\t\t\t\t.manifestation-info {\n\t\t\t\t\t\tpadding: 16px;\n\t\t\t\t\t\tflex-grow: 1;\n\t\t\t\t\t\tdisplay: flex;\n\t\t\t\t\t\tflex-direction: column;\n\t\t\t\t\t\tjustify-content: flex-end;\n\t\t\t\t\t}\n\t\t\t\t\t.manifestation-info h2 {\n\t\t\t\t\t\tfont-size: 18px;\n\t\t\t\t\t\tmargin-bottom: 10px;\n\t\t\t\t\t\tcolor: #0073aa;\n\t\t\t\t\t\tfont-weight: 600;\n\t\t\t\t\t}\n\t\t\t\t\t.manifestation-info p {\n\t\t\t\t\t\tfont-size: 14px;\n\t\t\t\t\t\tcolor: #555;\n\t\t\t\t\t\tmargin: 6px 0;\n\t\t\t\t\t}\n\t\t\t\t\t.manifestation-date {\n\t\t\t\t\t\tfont-size: 12px;\n\t\t\t\t\t\tcolor: #888;\n\t\t\t\t\t\tmargin-top: 8px;\n\t\t\t\t\t}\n\t\t\t\t\t.manifestation-user {\n\t\t\t\t\t\tdisplay: flex;\n\t\t\t\t\t\talign-items: center;\n\t\t\t\t\t\tpadding: 12px 16px;\n\t\t\t\t\t\tborder-top: 1px solid #eee;\n\t\t\t\t\t\tbackground-color: #fafafa;\n\t\t\t\t\t}\n\t\t\t\t\t#add-filter{\n\t\t\t\t\t\tpadding: 14px 12px;\n\t\t\t\t\t\tmargin: 5px;\n\t\t\t\t\t\tfont-size: 16px;\n\t\t\t\t\t\tbackground: #0073aa;\n\t\t\t\t\t\tcolor: #fff;\n\t\t\t\t\t\tborder: none;\n\t\t\t\t\t\tborder-radius: 5px;\n\t\t\t\t\t\tcursor: pointer;\n\t\t\t\t\t\ttransition: background 0.3s ease;\n\t\t\t\t\t}\n\t\t\t\t\t.manifestation-user img {\n\t\t\t\t\t\twidth: 40px;\n\t\t\t\t\t\theight: 40px;\n\t\t\t\t\t\tborder-radius: 50%;\n\t\t\t\t\t\tmargin-right: 10px;\n\t\t\t\t\t\tmargin-bottom: 25px;\n\t\t\t\t\t}\n\t\t\t\t\t.manifestation-user p {\n\t\t\t\t\t\tmargin: 0;\n\t\t\t\t\t\tfont-weight: bold;\n\t\t\t\t\t\tcolor: #328bc3;\n\t\t\t\t\t\tmargin-left: 50px;\n\t\t\t\t\t\tmargin-top: -48px;\n\t\t\t\t\t\tfont-size: 14px;\n\t\t\t\t\t}\n\t\t\t\t\t.pagination {\n\t\t\t\t\t\tdisplay: flex;\n\t\t\t\t\t\tjustify-content: center;\n\t\t\t\t\t\tmargin-top: 20px;\n\t\t\t\t\t\tgap: 8px;\n\t\t\t\t\t\tflex-wrap: wrap;\n\t\t\t\t\t}\n\t\t\t\t\t.pagination a,\n\t\t\t\t\t.pagination .page-number {\n\t\t\t\t\t\tpadding: 8px 12px;\n\t\t\t\t\t\tborder-radius: 5px;\n\t\t\t\t\t\ttext-decoration: none;\n\t\t\t\t\t\tfont-weight: bold;\n\t\t\t\t\t\tcolor: #0073aa;\n\t\t\t\t\t\tbackground: #f8f8f8;\n\t\t\t\t\t\tborder: 1px solid #ddd;\n\t\t\t\t\t\ttransition: background 0.3s ease, color 0.3s ease;\n\t\t\t\t\t}\n\t\t\t\t\t.pagination a:hover {\n\t\t\t\t\t\tbackground: #0073aa;\n\t\t\t\t\t\tcolor: #fff;\n\t\t\t\t\t}\n\t\t\t\t\t.pagination .current {\n\t\t\t\t\t\tbackground: #0073aa;\n\t\t\t\t\t\tcolor: #fff;\n\t\t\t\t\t\tborder: 1px solid #0073aa;\n\t\t\t\t\t}\n\t\t\t\t\t.manifestations-header {\n\t\t\t\t\t\tdisplay: flex;\n\t\t\t\t\t\twidth: 100%;\n\t\t\t\t\t\tjustify-content: center;\n\t\t\t\t\t\talign-items: center;\n\t\t\t\t\t}\n\t\t\t\t\t\n\n\t\t\t\t\t.search-form{\n\t\t\t\t\t\ttext-align: center;\n\t\t\t\t\t\tmargin-bottom: 20px;\n\t\t\t\t\t\twidth: 100%;\n\t\t\t\t\t}\n\t\t\t\t\t.search-input {\n\t\t\t\t\t\twidth: 50%;\n\t\t\t\t\t\tpadding: 12px !important;\n\t\t\t\t\t\tfont-size: 16px;\n\t\t\t\t\t\tborder: 1px solid #ccc;\n\t\t\t\t\t\tborder-radius: 5px;\n\t\t\t\t\t\toutline: none;\n\t\t\t\t\t}\n\t\t\t\t\t.search-button {\n\t\t\t\t\t\tpadding: 14px 30px !important;\n\t\t\t\t\t\tfont-size: 16px !important;\n\t\t\t\t\t\tbackground: #0073aa;\n\t\t\t\t\t\tcolor: #fff;\n\t\t\t\t\t\tborder: none !important;\n\t\t\t\t\t\tborder-radius: 5px !important;\n\t\t\t\t\t\tcursor: pointer !important;\n\t\t\t\t\t\ttransition: background 0.3s ease !important;\n\t\t\t\t\t}\n\t\t\t\t\t.search-button:hover {\n\t\t\t\t\t\tbackground: #005f87;\n\t\t\t\t\t}\n\t\t\t\t\t.search-select {\n\t\t\t\t\t\twidth: 100%;\n\t\t\t\t\t\theight: 48px;\n\t\t\t\t\t\tfont-size: 16px;\n\t\t\t\t\t\tmargin-left: 10px;\n\t\t\t\t\t\tborder-radius: 5px;\n\t\t\t\t\t}\n\t\t\t\t\t#search-filters > div{\n\t\t\t\t\t\tdisplay: flex;\n\t\t\t\t\t\talign-items: center;\n\t\t\t\t\t\tflex-wrap: wrap;\n\t\t\t\t\t\tmax-width: 990px;\n\t\t\t\t\t\twidth: 100%;\n\t\t\t\t\t\tgap: 8px;\n\t\t\t\t\t\tmargin-bottom: 10px;\n\t\t\t\t\t}\n\n\t\t\t\t\t#search-filters .search-box-selector{\n\t\t\t\t\t\tdisplay: flex;\n    \t\t\t\t\talign-items: center;\n\t\t\t\t\t}\n\t\t\t\t\t.remove-filter{\n\t\t\t\t\t\tbackground: none;\n\t\t\t\t\t\tborder: none;\n\t\t\t\t\t\tcursor: pointer;\n\t\t\t\t\t}\n\t\t\t\t\t.manifestation-card-img {\n\t\t\t\t\t\theight: 170px;\n\t\t\t\t\t}\n\t\t\t\t\t.back-button-container {\n\t\t\t\t\t\ttext-align: left;\n\t\t\t\t\t\tmargin-bottom: 20px;\n\t\t\t\t\t}\n\t\t\t\t\t.back-button {\n\t\t\t\t\t\tbackground: linear-gradient(135deg, #0073e6, #005bb5);\n\t\t\t\t\t\tcolor: #f6fbff;\n\t\t\t\t\t\tborder: none;\n\t\t\t\t\t\tpadding: 10px 20px;\n\t\t\t\t\t\tborder-radius: 8px;\n\t\t\t\t\t\tcursor: pointer;\n\t\t\t\t\t\tfont-size: 18px;\n\t\t\t\t\t\ttransition: background 0.3s;\n\t\t\t\t\t}\n\t\t\t\t\t.back-button:hover {\n\t\t\t\t\t\tbackground-color: #043e71;\n\t\t\t\t\t}\n\t\t\t\t\t@media (max-width: 425px) {\n\t\t\t\t\t\t#add-filter{\n\t\t\t\t\t\t\twidth: 100%;\n\t\t\t\t\t\t}\n\t\t\t\t\t\t#search-filters > div > div {\n\t\t\t\t\t\t\twidth: 100%;\n\t\t\t\t\t\t}\n\t\t\t\t\t\t.search-form{\n\t\t\t\t\t\t\tflex-direction: column;\n\t\t\t\t\t\t\tjustify-content: center;\n\t\t\t\t\t\t}\n\t\t\t\t\t\t.search-input{\n\t\t\t\t\t\t\tmargin: 0;\n\t\t\t\t\t\t\twidth: 100%;\n\t\t\t\t\t\t\tpadding: 14px !important;\n\t\t\t\t\t\t}\n\t\t\t\t\t\t.search-select{\n\t\t\t\t\t\t\tmargin:0;\n\t\t\t\t\t\t}\n\t\t\t\t\t\t.search-button{\n\t\t\t\t\t\t\tmargin:0;\n\t\t\t\t\t\t}\n\t\t\t\t\t}\n\t\t\t\t\t@media (max-width: 600px) {\n\t\t\t\t\t\t.back-button {\n\t\t\t\t\t\t\tfont-size: 18px;\n\t\t\t\t\t\t}\n\t\t\t\t\t}\n\t\t\t\t<\/style><h2 class=\"manifestations-title\">\u00daltimas manifesta\u00e7\u00f5es<\/h2><div class=\"manifestations-header\">\t\t\t\n\t\t\t<form method=\"GET\" action=\"https:\/\/cmc.azclan.com\/br\/wp-json\/wp\/v2\/pages\/1388\" class=\"search-form\">\n\t\t\t\t<div id=\"search-filters\">\n\t\t\t\t\t\t\t\t\t\t<div class=\"search-group\">\n\t\t\t\t\t\t\t<input type=\"text\" name=\"search_values[]\" placeholder=\"Buscar manifesta\u00e7\u00f5es...\" class=\"search-input\">\n\t\t\t\t\t\t\t<div class=\"search-box-selector\">\n\t\t\t\t\t\t\t\t<select name=\"search_fields[]\" class=\"search-select\">\n\t\t\t\t\t\t\t\t\t<option value=\"all\">Todos os Campos<\/option>\n\t\t\t\t\t\t\t\t\t<option value=\"title\">T\u00edtulo<\/option>\n\t\t\t\t\t\t\t\t\t<option value=\"type\">Tipo<\/option>\n\t\t\t\t\t\t\t\t\t<option value=\"state\">Estado<\/option>\n\t\t\t\t\t\t\t\t\t<option value=\"city\">Cidade<\/option>\n\t\t\t\t\t\t\t\t\t<option value=\"neighborhood\">Bairro<\/option>\n\t\t\t\t\t\t\t\t\t<option value=\"identification\">Identifica\u00e7\u00e3o<\/option>\n\t\t\t\t\t\t\t\t\t<option value=\"reason\">Motivo<\/option>\n\t\t\t\t\t\t\t\t\t<option value=\"intention\">Inten\u00e7\u00e3o<\/option>\n\t\t\t\t\t\t\t\t\t<option value=\"purpose\">Prop\u00f3sito<\/option>\n\t\t\t\t\t\t\t\t\t<option value=\"clan\">Cl\u00e3<\/option>\n\t\t\t\t\t\t\t\t\t<option value=\"date\">Data<\/option>\n\t\t\t\t\t\t\t\t<\/select>\n\t\t\t\t\t\t\t\t<button type=\"button\" class=\"remove-filter\" onclick=\"removeSearchField(this)\">\u274c<\/button>\n\t\t\t\t\t\t\t<\/div>\n\t\t\t\t\t\t<\/div>\n\t\t\t\t\t\t\t\t\t\t<\/div>\n\n\t\t\t\t<button type=\"button\" id=\"add-filter\">+ Adicionar Filtro<\/button>\n\t\t\t\t<button type=\"submit\" class=\"search-button\">Buscar<\/button>\n\t\t\t<\/form>\n\n\n\t\t\t\n\t\t\t<\/div><div class=\"manifestations-container\"><p class=\"no-manifestations\">Nenhuma manifesta\u00e7\u00e3o encontrada.<\/p><\/div><\/div>\n\t\t\t\t\t\t<\/div>\n\t\t\t\t<\/div>\n\t\t\t\t\t<\/div>\n\t\t\t\t<\/div>\n\t\t\t\t<\/div>\n\t\t","protected":false},"excerpt":{"rendered":"","protected":false},"author":3,"featured_media":0,"parent":0,"menu_order":0,"comment_status":"closed","ping_status":"closed","template":"","meta":{"postBodyCss":"","postBodyMargin":[],"postBodyPadding":[],"postBodyBackground":{"backgroundType":"classic","gradient":""},"footnotes":""},"class_list":["post-1388","page","type-page","status-publish","hentry"],"yoast_head":"<!-- This site is optimized with the Yoast SEO plugin v27.3 - https:\/\/yoast.com\/product\/yoast-seo-wordpress\/ -->\n<title>Encontros e manifesta\u00e7\u00f5es \ud83d\udce2 - CMC<\/title>\n<meta name=\"robots\" content=\"index, follow, max-snippet:-1, max-image-preview:large, max-video-preview:-1\" \/>\n<link rel=\"canonical\" href=\"https:\/\/cmc.azclan.com\/br\/manifestacoes\/\" \/>\n<meta property=\"og:locale\" content=\"pt_BR\" \/>\n<meta property=\"og:type\" content=\"article\" \/>\n<meta property=\"og:title\" content=\"Encontros e manifesta\u00e7\u00f5es \ud83d\udce2 - CMC\" \/>\n<meta property=\"og:url\" content=\"https:\/\/cmc.azclan.com\/br\/manifestacoes\/\" \/>\n<meta property=\"og:site_name\" content=\"CMC\" \/>\n<meta property=\"article:modified_time\" content=\"2026-03-26T03:57:02+00:00\" \/>\n<meta name=\"twitter:card\" content=\"summary_large_image\" \/>\n<meta name=\"twitter:label1\" content=\"Est. tempo de leitura\" \/>\n\t<meta name=\"twitter:data1\" content=\"1 minuto\" \/>\n<script type=\"application\/ld+json\" class=\"yoast-schema-graph\">{\"@context\":\"https:\\\/\\\/schema.org\",\"@graph\":[{\"@type\":\"WebPage\",\"@id\":\"https:\\\/\\\/cmc.azclan.com\\\/br\\\/manifestacoes\\\/\",\"url\":\"https:\\\/\\\/cmc.azclan.com\\\/br\\\/manifestacoes\\\/\",\"name\":\"Encontros e manifesta\u00e7\u00f5es \ud83d\udce2 - CMC\",\"isPartOf\":{\"@id\":\"https:\\\/\\\/cmc.azclan.com\\\/br\\\/#website\"},\"datePublished\":\"2025-06-19T15:31:43+00:00\",\"dateModified\":\"2026-03-26T03:57:02+00:00\",\"breadcrumb\":{\"@id\":\"https:\\\/\\\/cmc.azclan.com\\\/br\\\/manifestacoes\\\/#breadcrumb\"},\"inLanguage\":\"pt-BR\",\"potentialAction\":[{\"@type\":\"ReadAction\",\"target\":[\"https:\\\/\\\/cmc.azclan.com\\\/br\\\/manifestacoes\\\/\"]}]},{\"@type\":\"BreadcrumbList\",\"@id\":\"https:\\\/\\\/cmc.azclan.com\\\/br\\\/manifestacoes\\\/#breadcrumb\",\"itemListElement\":[{\"@type\":\"ListItem\",\"position\":1,\"name\":\"In\u00edcio\",\"item\":\"https:\\\/\\\/cmc.azclan.com\\\/br\\\/biela\\\/\"},{\"@type\":\"ListItem\",\"position\":2,\"name\":\"Encontros e manifesta\u00e7\u00f5es \ud83d\udce2\"}]},{\"@type\":\"WebSite\",\"@id\":\"https:\\\/\\\/cmc.azclan.com\\\/br\\\/#website\",\"url\":\"https:\\\/\\\/cmc.azclan.com\\\/br\\\/\",\"name\":\"CMC\",\"description\":\"\",\"publisher\":{\"@id\":\"https:\\\/\\\/cmc.azclan.com\\\/br\\\/#organization\"},\"alternateName\":\"Azclan\",\"potentialAction\":[{\"@type\":\"SearchAction\",\"target\":{\"@type\":\"EntryPoint\",\"urlTemplate\":\"https:\\\/\\\/cmc.azclan.com\\\/br\\\/?s={search_term_string}\"},\"query-input\":{\"@type\":\"PropertyValueSpecification\",\"valueRequired\":true,\"valueName\":\"search_term_string\"}}],\"inLanguage\":\"pt-BR\"},{\"@type\":\"Organization\",\"@id\":\"https:\\\/\\\/cmc.azclan.com\\\/br\\\/#organization\",\"name\":\"cmc.azclan.com\\\/br\\\/\",\"alternateName\":\"cmc\",\"url\":\"https:\\\/\\\/cmc.azclan.com\\\/br\\\/\",\"logo\":{\"@type\":\"ImageObject\",\"inLanguage\":\"pt-BR\",\"@id\":\"https:\\\/\\\/cmc.azclan.com\\\/br\\\/#\\\/schema\\\/logo\\\/image\\\/\",\"url\":\"https:\\\/\\\/cmc.azclan.com\\\/br\\\/wp-content\\\/uploads\\\/2025\\\/01\\\/SGN_12_24_2024_1735070580955-e1738120586114.png\",\"contentUrl\":\"https:\\\/\\\/cmc.azclan.com\\\/br\\\/wp-content\\\/uploads\\\/2025\\\/01\\\/SGN_12_24_2024_1735070580955-e1738120586114.png\",\"width\":1450,\"height\":1470,\"caption\":\"cmc.azclan.com\\\/br\\\/\"},\"image\":{\"@id\":\"https:\\\/\\\/cmc.azclan.com\\\/br\\\/#\\\/schema\\\/logo\\\/image\\\/\"}}]}<\/script>\n<!-- \/ Yoast SEO plugin. -->","yoast_head_json":{"title":"Encontros e manifesta\u00e7\u00f5es \ud83d\udce2 - CMC","robots":{"index":"index","follow":"follow","max-snippet":"max-snippet:-1","max-image-preview":"max-image-preview:large","max-video-preview":"max-video-preview:-1"},"canonical":"https:\/\/cmc.azclan.com\/br\/manifestacoes\/","og_locale":"pt_BR","og_type":"article","og_title":"Encontros e manifesta\u00e7\u00f5es \ud83d\udce2 - CMC","og_url":"https:\/\/cmc.azclan.com\/br\/manifestacoes\/","og_site_name":"CMC","article_modified_time":"2026-03-26T03:57:02+00:00","twitter_card":"summary_large_image","twitter_misc":{"Est. tempo de leitura":"1 minuto"},"schema":{"@context":"https:\/\/schema.org","@graph":[{"@type":"WebPage","@id":"https:\/\/cmc.azclan.com\/br\/manifestacoes\/","url":"https:\/\/cmc.azclan.com\/br\/manifestacoes\/","name":"Encontros e manifesta\u00e7\u00f5es \ud83d\udce2 - CMC","isPartOf":{"@id":"https:\/\/cmc.azclan.com\/br\/#website"},"datePublished":"2025-06-19T15:31:43+00:00","dateModified":"2026-03-26T03:57:02+00:00","breadcrumb":{"@id":"https:\/\/cmc.azclan.com\/br\/manifestacoes\/#breadcrumb"},"inLanguage":"pt-BR","potentialAction":[{"@type":"ReadAction","target":["https:\/\/cmc.azclan.com\/br\/manifestacoes\/"]}]},{"@type":"BreadcrumbList","@id":"https:\/\/cmc.azclan.com\/br\/manifestacoes\/#breadcrumb","itemListElement":[{"@type":"ListItem","position":1,"name":"In\u00edcio","item":"https:\/\/cmc.azclan.com\/br\/biela\/"},{"@type":"ListItem","position":2,"name":"Encontros e manifesta\u00e7\u00f5es \ud83d\udce2"}]},{"@type":"WebSite","@id":"https:\/\/cmc.azclan.com\/br\/#website","url":"https:\/\/cmc.azclan.com\/br\/","name":"CMC","description":"","publisher":{"@id":"https:\/\/cmc.azclan.com\/br\/#organization"},"alternateName":"Azclan","potentialAction":[{"@type":"SearchAction","target":{"@type":"EntryPoint","urlTemplate":"https:\/\/cmc.azclan.com\/br\/?s={search_term_string}"},"query-input":{"@type":"PropertyValueSpecification","valueRequired":true,"valueName":"search_term_string"}}],"inLanguage":"pt-BR"},{"@type":"Organization","@id":"https:\/\/cmc.azclan.com\/br\/#organization","name":"cmc.azclan.com\/br\/","alternateName":"cmc","url":"https:\/\/cmc.azclan.com\/br\/","logo":{"@type":"ImageObject","inLanguage":"pt-BR","@id":"https:\/\/cmc.azclan.com\/br\/#\/schema\/logo\/image\/","url":"https:\/\/cmc.azclan.com\/br\/wp-content\/uploads\/2025\/01\/SGN_12_24_2024_1735070580955-e1738120586114.png","contentUrl":"https:\/\/cmc.azclan.com\/br\/wp-content\/uploads\/2025\/01\/SGN_12_24_2024_1735070580955-e1738120586114.png","width":1450,"height":1470,"caption":"cmc.azclan.com\/br\/"},"image":{"@id":"https:\/\/cmc.azclan.com\/br\/#\/schema\/logo\/image\/"}}]}},"_links":{"self":[{"href":"https:\/\/cmc.azclan.com\/br\/wp-json\/wp\/v2\/pages\/1388","targetHints":{"allow":["GET"]}}],"collection":[{"href":"https:\/\/cmc.azclan.com\/br\/wp-json\/wp\/v2\/pages"}],"about":[{"href":"https:\/\/cmc.azclan.com\/br\/wp-json\/wp\/v2\/types\/page"}],"author":[{"embeddable":true,"href":"https:\/\/cmc.azclan.com\/br\/wp-json\/wp\/v2\/users\/3"}],"replies":[{"embeddable":true,"href":"https:\/\/cmc.azclan.com\/br\/wp-json\/wp\/v2\/comments?post=1388"}],"version-history":[{"count":21,"href":"https:\/\/cmc.azclan.com\/br\/wp-json\/wp\/v2\/pages\/1388\/revisions"}],"predecessor-version":[{"id":7388,"href":"https:\/\/cmc.azclan.com\/br\/wp-json\/wp\/v2\/pages\/1388\/revisions\/7388"}],"wp:attachment":[{"href":"https:\/\/cmc.azclan.com\/br\/wp-json\/wp\/v2\/media?parent=1388"}],"curies":[{"name":"wp","href":"https:\/\/api.w.org\/{rel}","templated":true}]}}