
{"id":1859,"date":"2025-06-19T15:34:40","date_gmt":"2025-06-19T15:34:40","guid":{"rendered":"https:\/\/cmc.azclan.com\/br\/?page_id=1859"},"modified":"2026-04-03T00:51:32","modified_gmt":"2026-04-03T00:51:32","slug":"veiculos","status":"publish","type":"page","link":"https:\/\/cmc.azclan.com\/br\/veiculos\/","title":{"rendered":"Garagem CMC"},"content":{"rendered":"\t\t<div data-elementor-type=\"wp-page\" data-elementor-id=\"1859\" class=\"elementor elementor-1859\">\n\t\t\t\t<div class=\"elementor-element elementor-element-139b857 e-flex e-con-boxed e-con e-parent\" data-id=\"139b857\" data-element_type=\"container\" data-e-type=\"container\">\n\t\t\t\t\t<div class=\"e-con-inner\">\n\t\t\t\t<div class=\"elementor-element elementor-element-9b16096 elementor-align-center elementor-widget elementor-widget-button\" data-id=\"9b16096\" data-element_type=\"widget\" data-e-type=\"widget\" data-widget_type=\"button.default\">\n\t\t\t\t<div class=\"elementor-widget-container\">\n\t\t\t\t\t\t\t\t\t<div class=\"elementor-button-wrapper\">\n\t\t\t\t\t<a class=\"elementor-button elementor-button-link elementor-size-sm elementor-animation-buzz\" href=\"https:\/\/cmc.azclan.com\/br\/cadastro-de-veiculo-no-cmc\/\">\n\t\t\t\t\t\t<span class=\"elementor-button-content-wrapper\">\n\t\t\t\t\t\t\t\t\t<span class=\"elementor-button-text\">\ud83d\udc49 Cadastre seu ve\u00edculo e acompanhe o hist\u00f3rico<\/span>\n\t\t\t\t\t<\/span>\n\t\t\t\t\t<\/a>\n\t\t\t\t<\/div>\n\t\t\t\t\t\t\t\t<\/div>\n\t\t\t\t<\/div>\n\t\t\t\t\t<\/div>\n\t\t\t\t<\/div>\n\t\t<div class=\"elementor-element elementor-element-55fd1ea4 e-flex e-con-boxed e-con e-parent\" data-id=\"55fd1ea4\" data-element_type=\"container\" data-e-type=\"container\">\n\t\t\t\t\t<div class=\"e-con-inner\">\n\t\t\t\t<div class=\"elementor-element elementor-element-734ff94 elementor-widget elementor-widget-text-editor\" data-id=\"734ff94\" data-element_type=\"widget\" data-e-type=\"widget\" data-widget_type=\"text-editor.default\">\n\t\t\t\t<div class=\"elementor-widget-container\">\n\t\t\t\t\t\t\t\t\t<h5>\ud83d\udc49 <strong>Na terra, na \u00e1gua ou no ar \u2014 a CMC \u00e9 o seu lugar.<\/strong><\/h5>\t\t\t\t\t\t\t\t<\/div>\n\t\t\t\t<\/div>\n\t\t\t\t<div class=\"elementor-element elementor-element-5525f54c elementor-widget elementor-widget-text-editor\" data-id=\"5525f54c\" data-element_type=\"widget\" data-e-type=\"widget\" data-widget_type=\"text-editor.default\">\n\t\t\t\t<div class=\"elementor-widget-container\">\n\t\t\t\t\t\t\t\t\t<h2 class=\"vehicles-title\">\u00daltimos ve\u00edculos<\/h2><form method=\"GET\" action=\"https:\/\/cmc.azclan.com\/br\/veiculos\/busca\/\" class=\"search-form\"><div id=\"search-filters\"><script>\n\t\tfunction handleBackButton() {\n\t\t\tif (document.referrer && document.referrer !== window.location.href) {\n\t\t\t\twindow.history.back();\n\t\t\t} else {\n\t\t\t\twindow.location.href = \"https:\/\/cmc.azclan.com\/br\/festas-e-eventos-no-cmc\";\n\t\t\t}\n\t\t}\n\t\t<\/script><div class=\"search-group\"><input type=\"text\" name=\"search_values[]\" placeholder=\"Buscar...\" class=\"search-input\"><div class=\"search-box-selector\"><select name=\"search_fields[]\" class=\"search-select\" onchange=\"toggleInputType(this)\"><option value=\"all_fields\">Todos os Campos<\/option><option value=\"nickname\">Apelido<\/option><option value=\"brand\">Marca<\/option><option value=\"move\">Movido<\/option><option value=\"model\">Modelo<\/option><option value=\"state\">Estado<\/option><option value=\"city\">Cidade<\/option><option value=\"for_sale\">\u00c1 Venda<\/option><\/select><button type=\"button\" class=\"remove-filter\" onclick=\"removeSearchField(this)\">\u274c<\/button><\/div><\/div><\/div><button type=\"button\" id=\"add-filter\">+ Adicionar Filtro<\/button><button type=\"submit\" class=\"search-button\">Buscar<\/button><\/form><link href=\"https:\/\/cdnjs.cloudflare.com\/ajax\/libs\/font-awesome\/6.4.0\/css\/all.min.css\" rel=\"stylesheet\"><style>\n            #search-filters > div{\n                display: flex;\n                align-items: center;\n                justify-content: center;\n                flex-wrap: wrap;\n                max-width: 990px;\n                width: 100%;\n                gap: 8px;\n                margin-bottom: 10px;\n            }\n            #search-filters .search-box-selector{\n                display: flex;\n                align-items: center;\n            }\n\n            .vehicles-page {\n                max-width: 900px;\n                margin: 0 auto;\n                padding: 20px;\n                font-family: Arial, sans-serif;\n            }\n            .vehicles-title {\n                text-align: center;\n                font-size: 24px;\n                margin-bottom: 20px;\n                color: #0073aa;\n            }\n            .vehicles-container {\n                display: flex;\n                flex-wrap: wrap;\n                gap: 20px;\n                width: 100%;\n                justify-content: center;\n            }\n            .vehicle-card {\n                background: #fff;\n                border-radius: 10px;\n                box-shadow: 0px 4px 10px rgba(0, 0, 0, 0.1);\n                max-width: 400px;\n                width: 100%;\n                transition: transform 0.3s ease;\n            }\n            .vehicle-card:hover {\n                transform: translateY(-5px);\n            }\n            .vehicle-info h2 {\n                font-size: 20px;\n                margin-bottom: 10px;\n                color: #0073aa;\n            }\n            .vehicle-info p {\n\t\t\t \tmargin: 8px 0;\n                font-size: 14px;\n                color: #555;\n            }\n            .vehicle-user {\n                margin-top: 15px;\n                border-top: 1px solid #ddd;\n                padding-top: 10px;\n                display: flex;\n                align-items: center;\n                text-decoration: none;\n                color: #328bc3;\n            }\n\n            .vehicle-user img {\n                width: 40px;\n                height: 40px;\n                border-radius: 50%;\n                margin-right: 10px;\n                object-fit: cover;\n                display: inline-block;\n            }\n\n            .vehicle-user p {\n                margin: 0;\n                font-weight: bold;\n                color: #333;\n                margin-left: 50px;\n                margin-top: -39px;\n                font-size:14px;\n                color: #328bc3;\n            }\n\n\n            .vehicle-date {\n                font-size: 12px;\n                color: #777;\n                margin-top: 5px;\n            }\n            \n            .content-container-vehilcle{\n                padding: 20px;\n            }\n            .pagination {\n                display: flex;\n                justify-content: center;\n                margin-top: 20px;\n                gap: 8px;\n            }\n            .pagination a, .pagination .page-number {\n                padding: 8px 12px;\n                border-radius: 5px;\n                text-decoration: none;\n                font-weight: bold;\n                color: #0073aa;\n                background: #f8f8f8;\n                border: 1px solid #ddd;\n                transition: background 0.3s ease, color 0.3s ease;\n            }\n            .pagination a:hover {\n                background: #0073aa;\n                color: #fff;\n            }\n            .pagination .current {\n                background: #0073aa;\n                color: #fff;\n                border: 1px solid #0073aa;\n            }\n            .search-form {\n                text-align: center;\n                margin-bottom: 20px;\n                width: 100%;\n            }\n            \n            .search-input {\n                width: 50%;\n                padding: 12px !important;\n                font-size: 16px;\n                border: 1px solid #ccc;\n                border-radius: 5px;\n                outline: none;\n            }\n            .search-button {\n                padding: 14px 30px !important;\n                font-size: 16px !important;\n                background: #0073aa;\n                color: #fff;\n                border: none !important;\n                border-radius: 5px !important;\n                cursor: pointer !important;\n                transition: background 0.3s ease !important;\n            }\n            .search-button:hover {\n                background: #005f87;\n            }\n            .search-select{\n                height: 100%;\n                width: auto;\n                padding: 12px 40px 12px 12px;\n                border-radius: 5px;\n                font-size: 16px;\n            }\n\n            #add-filter {\n                padding: 14px 12px;\n                margin: 5px;\n                font-size: 16px;\n                background: #0073aa;\n                color: #fff;\n                border: none;\n                border-radius: 5px;\n                cursor: pointer;\n                transition: background 0.3s ease;\n            }\n            .search-button:hover, #add-filter:hover {\n                background: #005f87;\n            }\n            \n            .remove-filter {\n                color: #fff;\n                border: none;\n                border-radius: 50%;\n                width: 30px;\n                height: 30px;\n                cursor: pointer;\n                font-size: 16px;\n                display: flex;\n                align-items: center;\n                justify-content: center;\n                margin-left: 0.5rem;\n                display: contents;\n            \n            }\n            .remove-filter:hover {\n                background: #c82333;\n            }\n            \n            .brand-select{\n                height: 100%;\n            }\n            .vehicle-card-img {\n                height: 200px;\n                overflow: hidden;\n                border-radius: 8px 8px 0 0;\n            }\n            .back-button-container {\n                text-align: left;\n                margin-bottom: 20px;\n            }\n\n            .back-button {\n                background: linear-gradient(135deg, #0073e6, #005bb5);\n                color:#f6fbff;\n                border: none;\n                padding: 10px 20px;\n                border-radius: 8px;\n                cursor: pointer;\n                font-size: 18px;\n                transition: background 0.3s;\n            }\n\n            .back-button:hover {\n                background-color: #043e71;\n            }\n\n            @media (max-width: 600px) {\n                .back-button {\n                    font-size: 18px;\n                }\n            }\n            @media (max-width: 425px) {\n                .search-input{\n                    width: 100%;\n                }\n                .search-select{\n                    width: 100%;\n                }\n                #search-filters > div > div{\n                    width: 100%;\n                }\n            }\n        <\/style><script>\n            document.addEventListener(\"DOMContentLoaded\", function () {\n                window.removeSearchField = function (button) {\n                    button.closest(\".search-group\").remove();\n                };\n\n                window.toggleInputType = function (selectEl) {\n                    const group = selectEl.closest(\".search-group\");\n                    const oldInput = group.querySelector(\".search-input\");\n                    if (oldInput) oldInput.remove();\n\n                    let newField;\n                    const selectedValue = selectEl.value;\n\n                    if (selectedValue === 'for_sale') {\n                        newField = document.createElement('select');\n                        newField.name = 'search_values[]';\n                        newField.className = 'search-input';\n                        newField.innerHTML = `\n                            <option value=\"\">Selecione<\/option>\n                            <option value=\"Sim\">Sim<\/option>\n                            <option value=\"N\u00e3o\">N\u00e3o<\/option>\n                        `;\n                    } else {\n                        newField = document.createElement('input');\n                        newField.type = 'text';\n                        newField.name = 'search_values[]';\n                        newField.placeholder = 'Buscar...';\n                        newField.className = 'search-input';\n                    }\n\n                    const selectorBox = group.querySelector('.search-box-selector');\n                    if (selectorBox) {\n                        group.insertBefore(newField, selectorBox);\n                    } else {\n                        group.appendChild(newField);\n                    }\n                };\n\n                document.getElementById(\"add-filter\").addEventListener(\"click\", function () {\n                    let container = document.getElementById(\"search-filters\");\n                    let newFilter = document.createElement(\"div\");\n                    newFilter.classList.add(\"search-group\");\n                    newFilter.innerHTML = `\n                        <input type=\"text\" name=\"search_values[]\" placeholder=\"Buscar...\" class=\"search-input\">\n                        <div class=\"search-box-selector\">\n                            <select name=\"search_fields[]\" class=\"search-select\" onchange=\"toggleInputType(this)\">\n                                <option value=\"all_fields\">Todos os Campos<\/option>\n                                <option value=\"nickname\">Apelido<\/option>\n                                <option value=\"brand\">Marca<\/option>\n                                <option value=\"move\">Movido<\/option>\n                                <option value=\"model\">Modelo<\/option>\n                                <option value=\"state\">Estado<\/option>\n                                <option value=\"city\">Cidade<\/option>\n                                <option value=\"for_sale\">\u00c0 Venda<\/option>\n                            <\/select>\n                            <button type=\"button\" class=\"remove-filter\" onclick=\"removeSearchField(this)\">\u274c<\/button>\n                        <\/div>\n                    `;\n                    container.appendChild(newFilter);\n                });\n            });\n        <\/script><div class=\"vehicles-container\"><div class=\"vehicle-card\">  <div class=\"vehicle-card-img\">    <a href=\"https:\/\/cmc.azclan.com\/br\/vehicles\/teste\/\"><div style=\"height: 170px; background: #eee; border-radius: 8px 8px 0 0;\"><\/div>    <\/a>  <\/div>  <div class=\"content-container-vehilcle\">    <div class=\"vehicle-info\">      <h2><a href=\"https:\/\/cmc.azclan.com\/br\/vehicles\/teste\/\">teste<\/a><\/h2>      <p><strong>Marca:<\/strong> Aero Bravo<\/p>      <p><strong>Modelo:<\/strong> 213<\/p>      <p><strong>Ano:<\/strong> 2322<\/p>      <p><strong>Comprado por:<\/strong> R$ 12.313<\/p>      <p><strong>A venda:<\/strong> N\u00e3o<\/p>      <p><strong>Estado:<\/strong> AP<\/p>      <p><strong>Cidade:<\/strong> Porto Grande<\/p>      <p class=\"vehicle-date\"><em>Publicado em: 28\/03\/2026<\/em><\/p>    <\/div>    <div class=\"vehicle-user\">      <a href=\"https:\/\/cmc.azclan.com\/br\/membros\/pedro\/\"><img alt='' src='\/\/www.gravatar.com\/avatar\/a8c7e56083dbceb8016f5e22caae52cd?s=50&#038;r=pg&#038;d=mm' srcset='\/\/www.gravatar.com\/avatar\/a8c7e56083dbceb8016f5e22caae52cd?s=50&#038;r=pg&#038;d=mm 2x' class='avatar avatar-50 photo' height='50' width='50' \/>        <p>Pedro<\/p>      <\/a>    <\/div>  <\/div><\/div><\/div><\/div>\t\t\t\t\t\t\t\t<\/div>\n\t\t\t\t<\/div>\n\t\t\t\t\t<\/div>\n\t\t\t\t<\/div>\n\t\t<div class=\"elementor-element elementor-element-d6a1c01 e-flex e-con-boxed e-con e-parent\" data-id=\"d6a1c01\" data-element_type=\"container\" data-e-type=\"container\">\n\t\t\t\t\t<div class=\"e-con-inner\">\n\t\t\t\t<div class=\"elementor-element elementor-element-5138b68 elementor-align-center elementor-widget elementor-widget-button\" data-id=\"5138b68\" data-element_type=\"widget\" data-e-type=\"widget\" data-widget_type=\"button.default\">\n\t\t\t\t<div class=\"elementor-widget-container\">\n\t\t\t\t\t\t\t\t\t<div class=\"elementor-button-wrapper\">\n\t\t\t\t\t<a class=\"elementor-button elementor-button-link elementor-size-sm\" href=\"https:\/\/cmc.azclan.com\/br\/cadastro-de-veiculo-no-cmc\/\">\n\t\t\t\t\t\t<span class=\"elementor-button-content-wrapper\">\n\t\t\t\t\t\t\t\t\t<span class=\"elementor-button-text\">\ud83d\udc49 Cadastrar meu ve\u00edculo<\/span>\n\t\t\t\t\t<\/span>\n\t\t\t\t\t<\/a>\n\t\t\t\t<\/div>\n\t\t\t\t\t\t\t\t<\/div>\n\t\t\t\t<\/div>\n\t\t\t\t<div class=\"elementor-element elementor-element-2fb1215 elementor-widget elementor-widget-text-editor\" data-id=\"2fb1215\" data-element_type=\"widget\" data-e-type=\"widget\" data-widget_type=\"text-editor.default\">\n\t\t\t\t<div class=\"elementor-widget-container\">\n\t\t\t\t\t\t\t\t\t<p><strong>\ud83e\udd47 Organize seu ve\u00edculo, registre o hist\u00f3rico de manuten\u00e7\u00e3o e transfira para outro usu\u00e1rio.<\/strong><\/p>\t\t\t\t\t\t\t\t<\/div>\n\t\t\t\t<\/div>\n\t\t\t\t\t<\/div>\n\t\t\t\t<\/div>\n\t\t\t\t<\/div>\n\t\t","protected":false},"excerpt":{"rendered":"<p>\ud83d\udc49 Cadastre seu ve\u00edculo e acompanhe o hist\u00f3rico \ud83d\udc49 Na terra, na \u00e1gua ou no ar \u2014 a CMC \u00e9 o seu lugar. \ud83d\udc49 Cadastrar meu ve\u00edculo \ud83e\udd47 Organize seu ve\u00edculo, registre o hist\u00f3rico de manuten\u00e7\u00e3o e transfira para outro usu\u00e1rio.<\/p>\n","protected":false},"author":3,"featured_media":0,"parent":0,"menu_order":0,"comment_status":"closed","ping_status":"closed","template":"page-templates\/page-right-sidebar.php","meta":{"postBodyCss":"","postBodyMargin":[],"postBodyPadding":[],"postBodyBackground":{"backgroundType":"classic","gradient":""},"footnotes":""},"class_list":["post-1859","page","type-page","status-publish","hentry"],"yoast_head":"<!-- This site is optimized with the Yoast SEO plugin v27.3 - https:\/\/yoast.com\/product\/yoast-seo-wordpress\/ -->\n<title>Garagem CMC - CMC<\/title>\n<meta name=\"robots\" content=\"index, follow, max-snippet:-1, max-image-preview:large, max-video-preview:-1\" \/>\n<link rel=\"canonical\" href=\"https:\/\/cmc.azclan.com\/br\/veiculos\/\" \/>\n<meta property=\"og:locale\" content=\"pt_BR\" \/>\n<meta property=\"og:type\" content=\"article\" \/>\n<meta property=\"og:title\" content=\"Garagem CMC - CMC\" \/>\n<meta property=\"og:description\" content=\"\ud83d\udc49 Cadastre seu ve\u00edculo e acompanhe o hist\u00f3rico \ud83d\udc49 Na terra, na \u00e1gua ou no ar \u2014 a CMC \u00e9 o seu lugar. \ud83d\udc49 Cadastrar meu ve\u00edculo \ud83e\udd47 Organize seu ve\u00edculo, registre o hist\u00f3rico de manuten\u00e7\u00e3o e transfira para outro usu\u00e1rio.\" \/>\n<meta property=\"og:url\" content=\"https:\/\/cmc.azclan.com\/br\/veiculos\/\" \/>\n<meta property=\"og:site_name\" content=\"CMC\" \/>\n<meta property=\"article:modified_time\" content=\"2026-04-03T00:51:32+00:00\" \/>\n<meta name=\"twitter:card\" content=\"summary_large_image\" \/>\n<meta name=\"twitter:label1\" content=\"Est. tempo de leitura\" \/>\n\t<meta name=\"twitter:data1\" content=\"2 minutos\" \/>\n<script type=\"application\/ld+json\" class=\"yoast-schema-graph\">{\"@context\":\"https:\\\/\\\/schema.org\",\"@graph\":[{\"@type\":\"WebPage\",\"@id\":\"https:\\\/\\\/cmc.azclan.com\\\/br\\\/veiculos\\\/\",\"url\":\"https:\\\/\\\/cmc.azclan.com\\\/br\\\/veiculos\\\/\",\"name\":\"Garagem CMC - CMC\",\"isPartOf\":{\"@id\":\"https:\\\/\\\/cmc.azclan.com\\\/br\\\/#website\"},\"datePublished\":\"2025-06-19T15:34:40+00:00\",\"dateModified\":\"2026-04-03T00:51:32+00:00\",\"breadcrumb\":{\"@id\":\"https:\\\/\\\/cmc.azclan.com\\\/br\\\/veiculos\\\/#breadcrumb\"},\"inLanguage\":\"pt-BR\",\"potentialAction\":[{\"@type\":\"ReadAction\",\"target\":[\"https:\\\/\\\/cmc.azclan.com\\\/br\\\/veiculos\\\/\"]}]},{\"@type\":\"BreadcrumbList\",\"@id\":\"https:\\\/\\\/cmc.azclan.com\\\/br\\\/veiculos\\\/#breadcrumb\",\"itemListElement\":[{\"@type\":\"ListItem\",\"position\":1,\"name\":\"In\u00edcio\",\"item\":\"https:\\\/\\\/cmc.azclan.com\\\/br\\\/biela\\\/\"},{\"@type\":\"ListItem\",\"position\":2,\"name\":\"Garagem CMC\"}]},{\"@type\":\"WebSite\",\"@id\":\"https:\\\/\\\/cmc.azclan.com\\\/br\\\/#website\",\"url\":\"https:\\\/\\\/cmc.azclan.com\\\/br\\\/\",\"name\":\"CMC\",\"description\":\"\",\"publisher\":{\"@id\":\"https:\\\/\\\/cmc.azclan.com\\\/br\\\/#organization\"},\"alternateName\":\"Azclan\",\"potentialAction\":[{\"@type\":\"SearchAction\",\"target\":{\"@type\":\"EntryPoint\",\"urlTemplate\":\"https:\\\/\\\/cmc.azclan.com\\\/br\\\/?s={search_term_string}\"},\"query-input\":{\"@type\":\"PropertyValueSpecification\",\"valueRequired\":true,\"valueName\":\"search_term_string\"}}],\"inLanguage\":\"pt-BR\"},{\"@type\":\"Organization\",\"@id\":\"https:\\\/\\\/cmc.azclan.com\\\/br\\\/#organization\",\"name\":\"cmc.azclan.com\\\/br\\\/\",\"alternateName\":\"cmc\",\"url\":\"https:\\\/\\\/cmc.azclan.com\\\/br\\\/\",\"logo\":{\"@type\":\"ImageObject\",\"inLanguage\":\"pt-BR\",\"@id\":\"https:\\\/\\\/cmc.azclan.com\\\/br\\\/#\\\/schema\\\/logo\\\/image\\\/\",\"url\":\"https:\\\/\\\/cmc.azclan.com\\\/br\\\/wp-content\\\/uploads\\\/2025\\\/01\\\/SGN_12_24_2024_1735070580955-e1738120586114.png\",\"contentUrl\":\"https:\\\/\\\/cmc.azclan.com\\\/br\\\/wp-content\\\/uploads\\\/2025\\\/01\\\/SGN_12_24_2024_1735070580955-e1738120586114.png\",\"width\":1450,\"height\":1470,\"caption\":\"cmc.azclan.com\\\/br\\\/\"},\"image\":{\"@id\":\"https:\\\/\\\/cmc.azclan.com\\\/br\\\/#\\\/schema\\\/logo\\\/image\\\/\"}}]}<\/script>\n<!-- \/ Yoast SEO plugin. -->","yoast_head_json":{"title":"Garagem CMC - CMC","robots":{"index":"index","follow":"follow","max-snippet":"max-snippet:-1","max-image-preview":"max-image-preview:large","max-video-preview":"max-video-preview:-1"},"canonical":"https:\/\/cmc.azclan.com\/br\/veiculos\/","og_locale":"pt_BR","og_type":"article","og_title":"Garagem CMC - CMC","og_description":"\ud83d\udc49 Cadastre seu ve\u00edculo e acompanhe o hist\u00f3rico \ud83d\udc49 Na terra, na \u00e1gua ou no ar \u2014 a CMC \u00e9 o seu lugar. \ud83d\udc49 Cadastrar meu ve\u00edculo \ud83e\udd47 Organize seu ve\u00edculo, registre o hist\u00f3rico de manuten\u00e7\u00e3o e transfira para outro usu\u00e1rio.","og_url":"https:\/\/cmc.azclan.com\/br\/veiculos\/","og_site_name":"CMC","article_modified_time":"2026-04-03T00:51:32+00:00","twitter_card":"summary_large_image","twitter_misc":{"Est. tempo de leitura":"2 minutos"},"schema":{"@context":"https:\/\/schema.org","@graph":[{"@type":"WebPage","@id":"https:\/\/cmc.azclan.com\/br\/veiculos\/","url":"https:\/\/cmc.azclan.com\/br\/veiculos\/","name":"Garagem CMC - CMC","isPartOf":{"@id":"https:\/\/cmc.azclan.com\/br\/#website"},"datePublished":"2025-06-19T15:34:40+00:00","dateModified":"2026-04-03T00:51:32+00:00","breadcrumb":{"@id":"https:\/\/cmc.azclan.com\/br\/veiculos\/#breadcrumb"},"inLanguage":"pt-BR","potentialAction":[{"@type":"ReadAction","target":["https:\/\/cmc.azclan.com\/br\/veiculos\/"]}]},{"@type":"BreadcrumbList","@id":"https:\/\/cmc.azclan.com\/br\/veiculos\/#breadcrumb","itemListElement":[{"@type":"ListItem","position":1,"name":"In\u00edcio","item":"https:\/\/cmc.azclan.com\/br\/biela\/"},{"@type":"ListItem","position":2,"name":"Garagem CMC"}]},{"@type":"WebSite","@id":"https:\/\/cmc.azclan.com\/br\/#website","url":"https:\/\/cmc.azclan.com\/br\/","name":"CMC","description":"","publisher":{"@id":"https:\/\/cmc.azclan.com\/br\/#organization"},"alternateName":"Azclan","potentialAction":[{"@type":"SearchAction","target":{"@type":"EntryPoint","urlTemplate":"https:\/\/cmc.azclan.com\/br\/?s={search_term_string}"},"query-input":{"@type":"PropertyValueSpecification","valueRequired":true,"valueName":"search_term_string"}}],"inLanguage":"pt-BR"},{"@type":"Organization","@id":"https:\/\/cmc.azclan.com\/br\/#organization","name":"cmc.azclan.com\/br\/","alternateName":"cmc","url":"https:\/\/cmc.azclan.com\/br\/","logo":{"@type":"ImageObject","inLanguage":"pt-BR","@id":"https:\/\/cmc.azclan.com\/br\/#\/schema\/logo\/image\/","url":"https:\/\/cmc.azclan.com\/br\/wp-content\/uploads\/2025\/01\/SGN_12_24_2024_1735070580955-e1738120586114.png","contentUrl":"https:\/\/cmc.azclan.com\/br\/wp-content\/uploads\/2025\/01\/SGN_12_24_2024_1735070580955-e1738120586114.png","width":1450,"height":1470,"caption":"cmc.azclan.com\/br\/"},"image":{"@id":"https:\/\/cmc.azclan.com\/br\/#\/schema\/logo\/image\/"}}]}},"_links":{"self":[{"href":"https:\/\/cmc.azclan.com\/br\/wp-json\/wp\/v2\/pages\/1859","targetHints":{"allow":["GET"]}}],"collection":[{"href":"https:\/\/cmc.azclan.com\/br\/wp-json\/wp\/v2\/pages"}],"about":[{"href":"https:\/\/cmc.azclan.com\/br\/wp-json\/wp\/v2\/types\/page"}],"author":[{"embeddable":true,"href":"https:\/\/cmc.azclan.com\/br\/wp-json\/wp\/v2\/users\/3"}],"replies":[{"embeddable":true,"href":"https:\/\/cmc.azclan.com\/br\/wp-json\/wp\/v2\/comments?post=1859"}],"version-history":[{"count":109,"href":"https:\/\/cmc.azclan.com\/br\/wp-json\/wp\/v2\/pages\/1859\/revisions"}],"predecessor-version":[{"id":7602,"href":"https:\/\/cmc.azclan.com\/br\/wp-json\/wp\/v2\/pages\/1859\/revisions\/7602"}],"wp:attachment":[{"href":"https:\/\/cmc.azclan.com\/br\/wp-json\/wp\/v2\/media?parent=1859"}],"curies":[{"name":"wp","href":"https:\/\/api.w.org\/{rel}","templated":true}]}}