
{"id":4211,"date":"2025-06-21T00:20:10","date_gmt":"2025-06-21T00:20:10","guid":{"rendered":"https:\/\/cmc.azclan.com\/br\/?page_id=4211"},"modified":"2026-04-03T00:01:11","modified_gmt":"2026-04-03T00:01:11","slug":"criar-loja-no-cmc","status":"publish","type":"page","link":"https:\/\/cmc.azclan.com\/br\/criar-loja-no-cmc\/","title":{"rendered":"\ud83d\udcb0 Abra sua loja e comece a vender no CMC"},"content":{"rendered":"\t\t<div data-elementor-type=\"wp-page\" data-elementor-id=\"4211\" class=\"elementor elementor-4211\">\n\t\t\t\t<div class=\"elementor-element elementor-element-94c4e16 e-flex e-con-boxed e-con e-parent\" data-id=\"94c4e16\" data-element_type=\"container\" data-e-type=\"container\">\n\t\t\t\t\t<div class=\"e-con-inner\">\n\t\t\t\t<div class=\"elementor-element elementor-element-21b2f96 elementor-align-center elementor-widget elementor-widget-button\" data-id=\"21b2f96\" data-element_type=\"widget\" data-e-type=\"widget\" data-widget_type=\"button.default\">\n\t\t\t\t<div class=\"elementor-widget-container\">\n\t\t\t\t\t\t\t\t\t<div class=\"elementor-button-wrapper\">\n\t\t\t\t\t<a class=\"elementor-button elementor-button-link elementor-size-sm elementor-animation-grow\" href=\"https:\/\/cmc.azclan.com\/br\/criando-uma-loja-no-segmento-automotivo-no-cmc\/\">\n\t\t\t\t\t\t<span class=\"elementor-button-content-wrapper\">\n\t\t\t\t\t\t<span class=\"elementor-button-icon\">\n\t\t\t\t<svg aria-hidden=\"true\" class=\"e-font-icon-svg e-far-arrow-alt-circle-right\" viewBox=\"0 0 512 512\" xmlns=\"http:\/\/www.w3.org\/2000\/svg\"><path d=\"M504 256C504 119 393 8 256 8S8 119 8 256s111 248 248 248 248-111 248-248zm-448 0c0-110.5 89.5-200 200-200s200 89.5 200 200-89.5 200-200 200S56 366.5 56 256zm72 20v-40c0-6.6 5.4-12 12-12h116v-67c0-10.7 12.9-16 20.5-8.5l99 99c4.7 4.7 4.7 12.3 0 17l-99 99c-7.6 7.6-20.5 2.2-20.5-8.5v-67H140c-6.6 0-12-5.4-12-12z\"><\/path><\/svg>\t\t\t<\/span>\n\t\t\t\t\t\t\t\t\t<span class=\"elementor-button-text\">Ve\u00edculos terrestre aqu\u00e1tico ou a\u00e9rio<\/span>\n\t\t\t\t\t<\/span>\n\t\t\t\t\t<\/a>\n\t\t\t\t<\/div>\n\t\t\t\t\t\t\t\t<\/div>\n\t\t\t\t<\/div>\n\t\t\t\t\t<\/div>\n\t\t\t\t<\/div>\n\t\t<div class=\"elementor-element elementor-element-c064a16 e-flex e-con-boxed e-con e-parent\" data-id=\"c064a16\" data-element_type=\"container\" data-e-type=\"container\">\n\t\t\t\t\t<div class=\"e-con-inner\">\n\t\t\t\t<div class=\"elementor-element elementor-element-3ab6a72 elementor-widget elementor-widget-shortcode\" data-id=\"3ab6a72\" data-element_type=\"widget\" data-e-type=\"widget\" data-widget_type=\"shortcode.default\">\n\t\t\t\t<div class=\"elementor-widget-container\">\n\t\t\t\t\t\t\t<div class=\"elementor-shortcode\"><p>Por favor, fa\u00e7a login para cadastrar uma loja.<\/p><\/div>\n\t\t\t\t\t\t<\/div>\n\t\t\t\t<\/div>\n\t\t\t\t\t<\/div>\n\t\t\t\t<\/div>\n\t\t\t\t<\/div>\n\t\t","protected":false},"excerpt":{"rendered":"<p>Ve\u00edculos terrestre aqu\u00e1tico ou a\u00e9rio<\/p>\n","protected":false},"author":14,"featured_media":0,"parent":0,"menu_order":0,"comment_status":"closed","ping_status":"closed","template":"","meta":{"postBodyCss":"","postBodyMargin":[],"postBodyPadding":[],"postBodyBackground":{"backgroundType":"classic","gradient":""},"footnotes":""},"class_list":["post-4211","page","type-page","status-publish","hentry"],"yoast_head":"<!-- This site is optimized with the Yoast SEO plugin v27.4 - https:\/\/yoast.com\/product\/yoast-seo-wordpress\/ -->\n<title>\ud83d\udcb0 Abra sua loja e comece a vender no CMC - CMC<\/title>\n<meta name=\"robots\" content=\"index, follow, max-snippet:-1, max-image-preview:large, max-video-preview:-1\" \/>\n<link rel=\"canonical\" href=\"https:\/\/cmc.azclan.com\/br\/criar-loja-no-cmc\/\" \/>\n<meta property=\"og:locale\" content=\"pt_BR\" \/>\n<meta property=\"og:type\" content=\"article\" \/>\n<meta property=\"og:title\" content=\"\ud83d\udcb0 Abra sua loja e comece a vender no CMC - CMC\" \/>\n<meta property=\"og:description\" content=\"Ve\u00edculos terrestre aqu\u00e1tico ou a\u00e9rio\" \/>\n<meta property=\"og:url\" content=\"https:\/\/cmc.azclan.com\/br\/criar-loja-no-cmc\/\" \/>\n<meta property=\"og:site_name\" content=\"CMC\" \/>\n<meta property=\"article:modified_time\" content=\"2026-04-03T00:01:11+00:00\" \/>\n<meta name=\"twitter:card\" content=\"summary_large_image\" \/>\n<meta name=\"twitter:label1\" content=\"Est. tempo de leitura\" \/>\n\t<meta name=\"twitter:data1\" content=\"1 minuto\" \/>\n<script type=\"application\/ld+json\" class=\"yoast-schema-graph\">{\"@context\":\"https:\\\/\\\/schema.org\",\"@graph\":[{\"@type\":\"WebPage\",\"@id\":\"https:\\\/\\\/cmc.azclan.com\\\/br\\\/criar-loja-no-cmc\\\/\",\"url\":\"https:\\\/\\\/cmc.azclan.com\\\/br\\\/criar-loja-no-cmc\\\/\",\"name\":\"\ud83d\udcb0 Abra sua loja e comece a vender no CMC - CMC\",\"isPartOf\":{\"@id\":\"https:\\\/\\\/cmc.azclan.com\\\/br\\\/#website\"},\"datePublished\":\"2025-06-21T00:20:10+00:00\",\"dateModified\":\"2026-04-03T00:01:11+00:00\",\"breadcrumb\":{\"@id\":\"https:\\\/\\\/cmc.azclan.com\\\/br\\\/criar-loja-no-cmc\\\/#breadcrumb\"},\"inLanguage\":\"pt-BR\",\"potentialAction\":[{\"@type\":\"ReadAction\",\"target\":[\"https:\\\/\\\/cmc.azclan.com\\\/br\\\/criar-loja-no-cmc\\\/\"]}]},{\"@type\":\"BreadcrumbList\",\"@id\":\"https:\\\/\\\/cmc.azclan.com\\\/br\\\/criar-loja-no-cmc\\\/#breadcrumb\",\"itemListElement\":[{\"@type\":\"ListItem\",\"position\":1,\"name\":\"In\u00edcio\",\"item\":\"https:\\\/\\\/cmc.azclan.com\\\/br\\\/biela\\\/\"},{\"@type\":\"ListItem\",\"position\":2,\"name\":\"\ud83d\udcb0 Abra sua loja e comece a vender no CMC\"}]},{\"@type\":\"WebSite\",\"@id\":\"https:\\\/\\\/cmc.azclan.com\\\/br\\\/#website\",\"url\":\"https:\\\/\\\/cmc.azclan.com\\\/br\\\/\",\"name\":\"CMC\",\"description\":\"\",\"publisher\":{\"@id\":\"https:\\\/\\\/cmc.azclan.com\\\/br\\\/#organization\"},\"alternateName\":\"Azclan\",\"potentialAction\":[{\"@type\":\"SearchAction\",\"target\":{\"@type\":\"EntryPoint\",\"urlTemplate\":\"https:\\\/\\\/cmc.azclan.com\\\/br\\\/?s={search_term_string}\"},\"query-input\":{\"@type\":\"PropertyValueSpecification\",\"valueRequired\":true,\"valueName\":\"search_term_string\"}}],\"inLanguage\":\"pt-BR\"},{\"@type\":\"Organization\",\"@id\":\"https:\\\/\\\/cmc.azclan.com\\\/br\\\/#organization\",\"name\":\"cmc.azclan.com\\\/br\\\/\",\"alternateName\":\"cmc\",\"url\":\"https:\\\/\\\/cmc.azclan.com\\\/br\\\/\",\"logo\":{\"@type\":\"ImageObject\",\"inLanguage\":\"pt-BR\",\"@id\":\"https:\\\/\\\/cmc.azclan.com\\\/br\\\/#\\\/schema\\\/logo\\\/image\\\/\",\"url\":\"https:\\\/\\\/cmc.azclan.com\\\/br\\\/wp-content\\\/uploads\\\/2025\\\/01\\\/SGN_12_24_2024_1735070580955-e1738120586114.png\",\"contentUrl\":\"https:\\\/\\\/cmc.azclan.com\\\/br\\\/wp-content\\\/uploads\\\/2025\\\/01\\\/SGN_12_24_2024_1735070580955-e1738120586114.png\",\"width\":1450,\"height\":1470,\"caption\":\"cmc.azclan.com\\\/br\\\/\"},\"image\":{\"@id\":\"https:\\\/\\\/cmc.azclan.com\\\/br\\\/#\\\/schema\\\/logo\\\/image\\\/\"}}]}<\/script>\n<!-- \/ Yoast SEO plugin. -->","yoast_head_json":{"title":"\ud83d\udcb0 Abra sua loja e comece a vender no CMC - CMC","robots":{"index":"index","follow":"follow","max-snippet":"max-snippet:-1","max-image-preview":"max-image-preview:large","max-video-preview":"max-video-preview:-1"},"canonical":"https:\/\/cmc.azclan.com\/br\/criar-loja-no-cmc\/","og_locale":"pt_BR","og_type":"article","og_title":"\ud83d\udcb0 Abra sua loja e comece a vender no CMC - CMC","og_description":"Ve\u00edculos terrestre aqu\u00e1tico ou a\u00e9rio","og_url":"https:\/\/cmc.azclan.com\/br\/criar-loja-no-cmc\/","og_site_name":"CMC","article_modified_time":"2026-04-03T00:01:11+00:00","twitter_card":"summary_large_image","twitter_misc":{"Est. tempo de leitura":"1 minuto"},"schema":{"@context":"https:\/\/schema.org","@graph":[{"@type":"WebPage","@id":"https:\/\/cmc.azclan.com\/br\/criar-loja-no-cmc\/","url":"https:\/\/cmc.azclan.com\/br\/criar-loja-no-cmc\/","name":"\ud83d\udcb0 Abra sua loja e comece a vender no CMC - CMC","isPartOf":{"@id":"https:\/\/cmc.azclan.com\/br\/#website"},"datePublished":"2025-06-21T00:20:10+00:00","dateModified":"2026-04-03T00:01:11+00:00","breadcrumb":{"@id":"https:\/\/cmc.azclan.com\/br\/criar-loja-no-cmc\/#breadcrumb"},"inLanguage":"pt-BR","potentialAction":[{"@type":"ReadAction","target":["https:\/\/cmc.azclan.com\/br\/criar-loja-no-cmc\/"]}]},{"@type":"BreadcrumbList","@id":"https:\/\/cmc.azclan.com\/br\/criar-loja-no-cmc\/#breadcrumb","itemListElement":[{"@type":"ListItem","position":1,"name":"In\u00edcio","item":"https:\/\/cmc.azclan.com\/br\/biela\/"},{"@type":"ListItem","position":2,"name":"\ud83d\udcb0 Abra sua loja e comece a vender no CMC"}]},{"@type":"WebSite","@id":"https:\/\/cmc.azclan.com\/br\/#website","url":"https:\/\/cmc.azclan.com\/br\/","name":"CMC","description":"","publisher":{"@id":"https:\/\/cmc.azclan.com\/br\/#organization"},"alternateName":"Azclan","potentialAction":[{"@type":"SearchAction","target":{"@type":"EntryPoint","urlTemplate":"https:\/\/cmc.azclan.com\/br\/?s={search_term_string}"},"query-input":{"@type":"PropertyValueSpecification","valueRequired":true,"valueName":"search_term_string"}}],"inLanguage":"pt-BR"},{"@type":"Organization","@id":"https:\/\/cmc.azclan.com\/br\/#organization","name":"cmc.azclan.com\/br\/","alternateName":"cmc","url":"https:\/\/cmc.azclan.com\/br\/","logo":{"@type":"ImageObject","inLanguage":"pt-BR","@id":"https:\/\/cmc.azclan.com\/br\/#\/schema\/logo\/image\/","url":"https:\/\/cmc.azclan.com\/br\/wp-content\/uploads\/2025\/01\/SGN_12_24_2024_1735070580955-e1738120586114.png","contentUrl":"https:\/\/cmc.azclan.com\/br\/wp-content\/uploads\/2025\/01\/SGN_12_24_2024_1735070580955-e1738120586114.png","width":1450,"height":1470,"caption":"cmc.azclan.com\/br\/"},"image":{"@id":"https:\/\/cmc.azclan.com\/br\/#\/schema\/logo\/image\/"}}]}},"_links":{"self":[{"href":"https:\/\/cmc.azclan.com\/br\/wp-json\/wp\/v2\/pages\/4211","targetHints":{"allow":["GET"]}}],"collection":[{"href":"https:\/\/cmc.azclan.com\/br\/wp-json\/wp\/v2\/pages"}],"about":[{"href":"https:\/\/cmc.azclan.com\/br\/wp-json\/wp\/v2\/types\/page"}],"author":[{"embeddable":true,"href":"https:\/\/cmc.azclan.com\/br\/wp-json\/wp\/v2\/users\/14"}],"replies":[{"embeddable":true,"href":"https:\/\/cmc.azclan.com\/br\/wp-json\/wp\/v2\/comments?post=4211"}],"version-history":[{"count":78,"href":"https:\/\/cmc.azclan.com\/br\/wp-json\/wp\/v2\/pages\/4211\/revisions"}],"predecessor-version":[{"id":7573,"href":"https:\/\/cmc.azclan.com\/br\/wp-json\/wp\/v2\/pages\/4211\/revisions\/7573"}],"wp:attachment":[{"href":"https:\/\/cmc.azclan.com\/br\/wp-json\/wp\/v2\/media?parent=4211"}],"curies":[{"name":"wp","href":"https:\/\/api.w.org\/{rel}","templated":true}]}}