
{"id":4970,"date":"2025-07-06T05:12:12","date_gmt":"2025-07-06T05:12:12","guid":{"rendered":"https:\/\/cmc.azclan.com\/br\/?page_id=4970"},"modified":"2025-11-17T02:51:06","modified_gmt":"2025-11-17T02:51:06","slug":"lista-de-roles","status":"publish","type":"page","link":"https:\/\/cmc.azclan.com\/br\/lista-de-roles\/","title":{"rendered":"\ud83d\udee3\ufe0f Rol\u00e9s"},"content":{"rendered":"\t\t<div data-elementor-type=\"wp-page\" data-elementor-id=\"4970\" class=\"elementor elementor-4970\">\n\t\t\t\t<div class=\"elementor-element elementor-element-54b88db e-con-full e-flex e-con e-parent\" data-id=\"54b88db\" data-element_type=\"container\" data-e-type=\"container\">\n\t\t\t\t<div class=\"elementor-element elementor-element-2c5f42d5 elementor-widget elementor-widget-text-editor\" data-id=\"2c5f42d5\" data-element_type=\"widget\" data-e-type=\"widget\" data-widget_type=\"text-editor.default\">\n\t\t\t\t<div class=\"elementor-widget-container\">\n\t\t\t\t\t\t\t\t\t\n<p>Encontre <strong><mark class=\"has-inline-color has-contrast-color\" style=\"background-color: rgba(0, 0, 0, 0);\">Rol\u00e9s, Rolez\u00f5es<\/mark>,<mark class=\"has-inline-color has-contrast-color\" style=\"background-color: rgba(0, 0, 0, 0);\"> Encontros, Viagens<\/mark><\/strong> e <mark class=\"has-inline-color has-contrast-color\" style=\"background-color: rgba(0, 0, 0, 0);\"><strong>Expedi\u00e7\u00f5es<\/strong> <\/mark>com todos os tipos de ve\u00edculos!<\/p>\n\n<p>Crie seu cl\u00e3&#8230; ou junte-se a um, Depois disso? <br \/>Bem\u2026.<br \/>Organize aquele rol\u00ea \u00e9pico e viva experi\u00eancias \u00fanicas com quem compartilha a mesma paix\u00e3o!<\/p>\n\n<p><a href=\"https:\/\/cmc.azclan.com\/br\/elas-o-que-e\/\" target=\"_blank\" rel=\"noopener\">Veja Elas no rol\u00e9.<\/a><\/p>\n\t\t\t\t\t\t\t\t<\/div>\n\t\t\t\t<\/div>\n\t\t\t\t<div class=\"elementor-element elementor-element-d23c86c elementor-widget__width-initial elementor-widget elementor-widget-shortcode\" data-id=\"d23c86c\" data-element_type=\"widget\" data-e-type=\"widget\" data-widget_type=\"shortcode.default\">\n\t\t\t\t<div class=\"elementor-widget-container\">\n\t\t\t\t\t\t\t<div class=\"elementor-shortcode\"><p class=\"no-roles\">Por favor, fa\u00e7a login para ver os roles.<\/p><\/div>\n\t\t\t\t\t\t<\/div>\n\t\t\t\t<\/div>\n\t\t\t\t<\/div>\n\t\t\t\t<\/div>\n\t\t","protected":false},"excerpt":{"rendered":"<p>Encontre Rol\u00e9s, Rolez\u00f5es, Encontros, Viagens e Expedi\u00e7\u00f5es com todos os tipos de ve\u00edculos! Crie seu cl\u00e3&#8230; ou junte-se a um, Depois disso? Bem\u2026.Organize aquele rol\u00ea \u00e9pico e viva experi\u00eancias \u00fanicas com quem compartilha a mesma paix\u00e3o! Veja Elas no rol\u00e9.<\/p>\n","protected":false},"author":1,"featured_media":0,"parent":0,"menu_order":0,"comment_status":"closed","ping_status":"closed","template":"","meta":{"postBodyCss":"","postBodyMargin":[],"postBodyPadding":[],"postBodyBackground":{"backgroundType":"classic","gradient":""},"footnotes":""},"class_list":["post-4970","page","type-page","status-publish","hentry"],"yoast_head":"<!-- This site is optimized with the Yoast SEO plugin v27.3 - https:\/\/yoast.com\/product\/yoast-seo-wordpress\/ -->\n<title>\ud83d\udee3\ufe0f Rol\u00e9s - CMC<\/title>\n<meta name=\"robots\" content=\"index, follow, max-snippet:-1, max-image-preview:large, max-video-preview:-1\" \/>\n<link rel=\"canonical\" href=\"https:\/\/cmc.azclan.com\/br\/lista-de-roles\/\" \/>\n<meta property=\"og:locale\" content=\"pt_BR\" \/>\n<meta property=\"og:type\" content=\"article\" \/>\n<meta property=\"og:title\" content=\"\ud83d\udee3\ufe0f Rol\u00e9s - CMC\" \/>\n<meta property=\"og:description\" content=\"Encontre Rol\u00e9s, Rolez\u00f5es, Encontros, Viagens e Expedi\u00e7\u00f5es com todos os tipos de ve\u00edculos! Crie seu cl\u00e3&#8230; ou junte-se a um, Depois disso? Bem\u2026.Organize aquele rol\u00ea \u00e9pico e viva experi\u00eancias \u00fanicas com quem compartilha a mesma paix\u00e3o! Veja Elas no rol\u00e9.\" \/>\n<meta property=\"og:url\" content=\"https:\/\/cmc.azclan.com\/br\/lista-de-roles\/\" \/>\n<meta property=\"og:site_name\" content=\"CMC\" \/>\n<meta property=\"article:modified_time\" content=\"2025-11-17T02:51:06+00:00\" \/>\n<meta name=\"twitter:card\" content=\"summary_large_image\" \/>\n<meta name=\"twitter:label1\" content=\"Est. tempo de leitura\" \/>\n\t<meta name=\"twitter:data1\" content=\"1 minuto\" \/>\n<script type=\"application\/ld+json\" class=\"yoast-schema-graph\">{\"@context\":\"https:\\\/\\\/schema.org\",\"@graph\":[{\"@type\":\"WebPage\",\"@id\":\"https:\\\/\\\/cmc.azclan.com\\\/br\\\/lista-de-roles\\\/\",\"url\":\"https:\\\/\\\/cmc.azclan.com\\\/br\\\/lista-de-roles\\\/\",\"name\":\"\ud83d\udee3\ufe0f Rol\u00e9s - CMC\",\"isPartOf\":{\"@id\":\"https:\\\/\\\/cmc.azclan.com\\\/br\\\/#website\"},\"datePublished\":\"2025-07-06T05:12:12+00:00\",\"dateModified\":\"2025-11-17T02:51:06+00:00\",\"breadcrumb\":{\"@id\":\"https:\\\/\\\/cmc.azclan.com\\\/br\\\/lista-de-roles\\\/#breadcrumb\"},\"inLanguage\":\"pt-BR\",\"potentialAction\":[{\"@type\":\"ReadAction\",\"target\":[\"https:\\\/\\\/cmc.azclan.com\\\/br\\\/lista-de-roles\\\/\"]}]},{\"@type\":\"BreadcrumbList\",\"@id\":\"https:\\\/\\\/cmc.azclan.com\\\/br\\\/lista-de-roles\\\/#breadcrumb\",\"itemListElement\":[{\"@type\":\"ListItem\",\"position\":1,\"name\":\"In\u00edcio\",\"item\":\"https:\\\/\\\/cmc.azclan.com\\\/br\\\/biela\\\/\"},{\"@type\":\"ListItem\",\"position\":2,\"name\":\"\ud83d\udee3\ufe0f Rol\u00e9s\"}]},{\"@type\":\"WebSite\",\"@id\":\"https:\\\/\\\/cmc.azclan.com\\\/br\\\/#website\",\"url\":\"https:\\\/\\\/cmc.azclan.com\\\/br\\\/\",\"name\":\"CMC\",\"description\":\"\",\"publisher\":{\"@id\":\"https:\\\/\\\/cmc.azclan.com\\\/br\\\/#organization\"},\"alternateName\":\"Azclan\",\"potentialAction\":[{\"@type\":\"SearchAction\",\"target\":{\"@type\":\"EntryPoint\",\"urlTemplate\":\"https:\\\/\\\/cmc.azclan.com\\\/br\\\/?s={search_term_string}\"},\"query-input\":{\"@type\":\"PropertyValueSpecification\",\"valueRequired\":true,\"valueName\":\"search_term_string\"}}],\"inLanguage\":\"pt-BR\"},{\"@type\":\"Organization\",\"@id\":\"https:\\\/\\\/cmc.azclan.com\\\/br\\\/#organization\",\"name\":\"cmc.azclan.com\\\/br\\\/\",\"alternateName\":\"cmc\",\"url\":\"https:\\\/\\\/cmc.azclan.com\\\/br\\\/\",\"logo\":{\"@type\":\"ImageObject\",\"inLanguage\":\"pt-BR\",\"@id\":\"https:\\\/\\\/cmc.azclan.com\\\/br\\\/#\\\/schema\\\/logo\\\/image\\\/\",\"url\":\"https:\\\/\\\/cmc.azclan.com\\\/br\\\/wp-content\\\/uploads\\\/2025\\\/01\\\/SGN_12_24_2024_1735070580955-e1738120586114.png\",\"contentUrl\":\"https:\\\/\\\/cmc.azclan.com\\\/br\\\/wp-content\\\/uploads\\\/2025\\\/01\\\/SGN_12_24_2024_1735070580955-e1738120586114.png\",\"width\":1450,\"height\":1470,\"caption\":\"cmc.azclan.com\\\/br\\\/\"},\"image\":{\"@id\":\"https:\\\/\\\/cmc.azclan.com\\\/br\\\/#\\\/schema\\\/logo\\\/image\\\/\"}}]}<\/script>\n<!-- \/ Yoast SEO plugin. -->","yoast_head_json":{"title":"\ud83d\udee3\ufe0f Rol\u00e9s - CMC","robots":{"index":"index","follow":"follow","max-snippet":"max-snippet:-1","max-image-preview":"max-image-preview:large","max-video-preview":"max-video-preview:-1"},"canonical":"https:\/\/cmc.azclan.com\/br\/lista-de-roles\/","og_locale":"pt_BR","og_type":"article","og_title":"\ud83d\udee3\ufe0f Rol\u00e9s - CMC","og_description":"Encontre Rol\u00e9s, Rolez\u00f5es, Encontros, Viagens e Expedi\u00e7\u00f5es com todos os tipos de ve\u00edculos! Crie seu cl\u00e3&#8230; ou junte-se a um, Depois disso? Bem\u2026.Organize aquele rol\u00ea \u00e9pico e viva experi\u00eancias \u00fanicas com quem compartilha a mesma paix\u00e3o! Veja Elas no rol\u00e9.","og_url":"https:\/\/cmc.azclan.com\/br\/lista-de-roles\/","og_site_name":"CMC","article_modified_time":"2025-11-17T02:51:06+00:00","twitter_card":"summary_large_image","twitter_misc":{"Est. tempo de leitura":"1 minuto"},"schema":{"@context":"https:\/\/schema.org","@graph":[{"@type":"WebPage","@id":"https:\/\/cmc.azclan.com\/br\/lista-de-roles\/","url":"https:\/\/cmc.azclan.com\/br\/lista-de-roles\/","name":"\ud83d\udee3\ufe0f Rol\u00e9s - CMC","isPartOf":{"@id":"https:\/\/cmc.azclan.com\/br\/#website"},"datePublished":"2025-07-06T05:12:12+00:00","dateModified":"2025-11-17T02:51:06+00:00","breadcrumb":{"@id":"https:\/\/cmc.azclan.com\/br\/lista-de-roles\/#breadcrumb"},"inLanguage":"pt-BR","potentialAction":[{"@type":"ReadAction","target":["https:\/\/cmc.azclan.com\/br\/lista-de-roles\/"]}]},{"@type":"BreadcrumbList","@id":"https:\/\/cmc.azclan.com\/br\/lista-de-roles\/#breadcrumb","itemListElement":[{"@type":"ListItem","position":1,"name":"In\u00edcio","item":"https:\/\/cmc.azclan.com\/br\/biela\/"},{"@type":"ListItem","position":2,"name":"\ud83d\udee3\ufe0f Rol\u00e9s"}]},{"@type":"WebSite","@id":"https:\/\/cmc.azclan.com\/br\/#website","url":"https:\/\/cmc.azclan.com\/br\/","name":"CMC","description":"","publisher":{"@id":"https:\/\/cmc.azclan.com\/br\/#organization"},"alternateName":"Azclan","potentialAction":[{"@type":"SearchAction","target":{"@type":"EntryPoint","urlTemplate":"https:\/\/cmc.azclan.com\/br\/?s={search_term_string}"},"query-input":{"@type":"PropertyValueSpecification","valueRequired":true,"valueName":"search_term_string"}}],"inLanguage":"pt-BR"},{"@type":"Organization","@id":"https:\/\/cmc.azclan.com\/br\/#organization","name":"cmc.azclan.com\/br\/","alternateName":"cmc","url":"https:\/\/cmc.azclan.com\/br\/","logo":{"@type":"ImageObject","inLanguage":"pt-BR","@id":"https:\/\/cmc.azclan.com\/br\/#\/schema\/logo\/image\/","url":"https:\/\/cmc.azclan.com\/br\/wp-content\/uploads\/2025\/01\/SGN_12_24_2024_1735070580955-e1738120586114.png","contentUrl":"https:\/\/cmc.azclan.com\/br\/wp-content\/uploads\/2025\/01\/SGN_12_24_2024_1735070580955-e1738120586114.png","width":1450,"height":1470,"caption":"cmc.azclan.com\/br\/"},"image":{"@id":"https:\/\/cmc.azclan.com\/br\/#\/schema\/logo\/image\/"}}]}},"_links":{"self":[{"href":"https:\/\/cmc.azclan.com\/br\/wp-json\/wp\/v2\/pages\/4970","targetHints":{"allow":["GET"]}}],"collection":[{"href":"https:\/\/cmc.azclan.com\/br\/wp-json\/wp\/v2\/pages"}],"about":[{"href":"https:\/\/cmc.azclan.com\/br\/wp-json\/wp\/v2\/types\/page"}],"author":[{"embeddable":true,"href":"https:\/\/cmc.azclan.com\/br\/wp-json\/wp\/v2\/users\/1"}],"replies":[{"embeddable":true,"href":"https:\/\/cmc.azclan.com\/br\/wp-json\/wp\/v2\/comments?post=4970"}],"version-history":[{"count":29,"href":"https:\/\/cmc.azclan.com\/br\/wp-json\/wp\/v2\/pages\/4970\/revisions"}],"predecessor-version":[{"id":6279,"href":"https:\/\/cmc.azclan.com\/br\/wp-json\/wp\/v2\/pages\/4970\/revisions\/6279"}],"wp:attachment":[{"href":"https:\/\/cmc.azclan.com\/br\/wp-json\/wp\/v2\/media?parent=4970"}],"curies":[{"name":"wp","href":"https:\/\/api.w.org\/{rel}","templated":true}]}}