
{"id":670,"date":"2025-01-20T04:05:20","date_gmt":"2025-01-20T04:05:20","guid":{"rendered":"https:\/\/cmc.azclan.com\/br\/?page_id=670"},"modified":"2025-09-23T19:43:48","modified_gmt":"2025-09-23T19:43:48","slug":"elas-o-que-e","status":"publish","type":"page","link":"https:\/\/cmc.azclan.com\/br\/elas-o-que-e\/","title":{"rendered":"Elas. O que \u00e9?"},"content":{"rendered":"\t\t<div data-elementor-type=\"wp-page\" data-elementor-id=\"670\" class=\"elementor elementor-670\">\n\t\t\t\t<div class=\"elementor-element elementor-element-2fd47a5 e-flex e-con-boxed e-con e-parent\" data-id=\"2fd47a5\" data-element_type=\"container\" data-e-type=\"container\">\n\t\t\t\t\t<div class=\"e-con-inner\">\n\t\t\t\t<div class=\"elementor-element elementor-element-c9778ff elementor-align-justify elementor-widget elementor-widget-button\" data-id=\"c9778ff\" data-element_type=\"widget\" data-e-type=\"widget\" data-widget_type=\"button.default\">\n\t\t\t\t<div class=\"elementor-widget-container\">\n\t\t\t\t\t\t\t\t\t<div class=\"elementor-button-wrapper\">\n\t\t\t\t\t<a class=\"elementor-button elementor-button-link elementor-size-sm\" href=\"#\">\n\t\t\t\t\t\t<span class=\"elementor-button-content-wrapper\">\n\t\t\t\t\t\t\t\t\t<span class=\"elementor-button-text\">Clique aqui<\/span>\n\t\t\t\t\t<\/span>\n\t\t\t\t\t<\/a>\n\t\t\t\t<\/div>\n\t\t\t\t\t\t\t\t<\/div>\n\t\t\t\t<\/div>\n\t\t\t\t\t<\/div>\n\t\t\t\t<\/div>\n\t\t<div class=\"elementor-element elementor-element-d8d61db e-flex e-con-boxed e-con e-parent\" data-id=\"d8d61db\" data-element_type=\"container\" data-e-type=\"container\" data-settings=\"{&quot;background_background&quot;:&quot;classic&quot;}\">\n\t\t\t\t\t<div class=\"e-con-inner\">\n\t\t\t\t<div class=\"elementor-element elementor-element-95f112e elementor-widget__width-initial elementor-widget elementor-widget-image\" data-id=\"95f112e\" data-element_type=\"widget\" data-e-type=\"widget\" data-widget_type=\"image.default\">\n\t\t\t\t<div class=\"elementor-widget-container\">\n\t\t\t\t\t\t\t\t\t\t\t\t\t\t\t<img decoding=\"async\" src=\"https:\/\/cmc.azclan.com\/br\/wp-content\/uploads\/2025\/02\/bike-3321071_1280-2.jpg\" title=\"\" alt=\"\" loading=\"lazy\" \/>\t\t\t\t\t\t\t\t\t\t\t\t\t\t\t<\/div>\n\t\t\t\t<\/div>\n\t\t<div class=\"elementor-element elementor-element-ff71a66 e-con-full e-flex e-con e-child\" data-id=\"ff71a66\" data-element_type=\"container\" data-e-type=\"container\">\n\t\t\t\t<div class=\"elementor-element elementor-element-1cdb9a3 elementor-widget elementor-widget-text-editor\" data-id=\"1cdb9a3\" data-element_type=\"widget\" data-e-type=\"widget\" data-widget_type=\"text-editor.default\">\n\t\t\t\t<div class=\"elementor-widget-container\">\n\t\t\t\t\t\t\t\t\t<h2><strong>+ A\u00e7\u00e3o e movimento para elas.<\/strong><\/h2>\t\t\t\t\t\t\t\t<\/div>\n\t\t\t\t<\/div>\n\t\t\t\t<div class=\"elementor-element elementor-element-bd960cd elementor-widget elementor-widget-text-editor\" data-id=\"bd960cd\" data-element_type=\"widget\" data-e-type=\"widget\" data-widget_type=\"text-editor.default\">\n\t\t\t\t<div class=\"elementor-widget-container\">\n\t\t\t\t\t\t\t\t\t<p><strong>Elas \u00e9 o nome oficial de cl\u00e3s de rol\u00e9 do g\u00eanero feminino.<\/strong><\/p><p>Aten\u00e7\u00e3o mulherada! Chegou o seu momentium de arrasar nas pistas, prepare seus motores que a aventura vai come\u00e7ar!<br \/>+ Emo\u00e7\u00e3o para seus dias, e + vigor para seus motores.<br \/>Vamos tirar voc\u00ea da telinha e trazer para vida real em companhia de grandes amizades que s\u00f3 os motores podem proporcionar. Os membros de clubes de motos sabem muito bem o que \u00e9 isso, mas agora chegou a sua vez!<br \/>Nessa plataforma lhe proporciona al\u00e9m de criar uma legi\u00e3o de amigos reais e leais, voc\u00ea pode criar Cl\u00e3s. Um cl\u00e3 vai + bem al\u00e9m que um grupo. <u>veja aqui<\/u><br \/>Ap\u00f3s cria seu Cl\u00e3, voc\u00ea vai convidar membros para fazer parte desa grande fam\u00edlia e em seguida vai criar rol\u00e9s e acrescentando mais emo\u00e7\u00e3o no seu dia a dia. Mas n\u00e3o para por a\u00ed. Pensando na seguran\u00e7a de todas, n\u00f3s pensamos que voc\u00ea pode querer convidar batedores para deixar seus rol\u00e9s ainda + mais seguro e divertido de forma f\u00e1cil e amig\u00e1vel.<\/p><p>Crie cl\u00e3 elas de rol\u00e9, rolez\u00e3o, viagens e at\u00e9 expedi\u00e7\u00f5es. Aaaah voc\u00ea tamb\u00e9m pode promover aquela festinha com as migas top, seja as enroladoras de cabo, carreteiras ou qualquer outra cogeria de ve\u00edculo.<br \/>Agora \u00e9 s\u00f3 seguir as nossa dicas e se divertir muuuuito.<br \/>Desejamos boa sorte<\/p><p>Confira:<br \/>Como criar um cl\u00e3 de sucesso<br \/>Como convidar batedores da forma correta<br \/>Nomes criativos de cl\u00e3<\/p>\t\t\t\t\t\t\t\t<\/div>\n\t\t\t\t<\/div>\n\t\t\t\t<\/div>\n\t\t\t\t\t<\/div>\n\t\t\t\t<\/div>\n\t\t<div class=\"elementor-element elementor-element-4c307ef e-flex e-con-boxed e-con e-parent\" data-id=\"4c307ef\" data-element_type=\"container\" data-e-type=\"container\">\n\t\t\t\t\t<div class=\"e-con-inner\">\n\t\t\t\t<div class=\"elementor-element elementor-element-872a665 elementor-widget-divider--view-line elementor-widget elementor-widget-divider\" data-id=\"872a665\" data-element_type=\"widget\" data-e-type=\"widget\" data-widget_type=\"divider.default\">\n\t\t\t\t<div class=\"elementor-widget-container\">\n\t\t\t\t\t\t\t<div class=\"elementor-divider\">\n\t\t\t<span class=\"elementor-divider-separator\">\n\t\t\t\t\t\t<\/span>\n\t\t<\/div>\n\t\t\t\t\t\t<\/div>\n\t\t\t\t<\/div>\n\t\t\t\t\t<\/div>\n\t\t\t\t<\/div>\n\t\t\t\t<section class=\"elementor-section elementor-top-section elementor-element elementor-element-7eee5af elementor-section-full_width elementor-section-height-default elementor-section-height-default\" data-id=\"7eee5af\" data-element_type=\"section\" data-e-type=\"section\" data-settings=\"{&quot;background_background&quot;:&quot;video&quot;,&quot;background_video_link&quot;:&quot;https:\\\/\\\/youtu.be\\\/qnXcB5L97MI&quot;,&quot;background_video_start&quot;:5,&quot;background_video_end&quot;:320,&quot;background_play_on_mobile&quot;:&quot;yes&quot;}\">\n\t\t\t\t\t\t\t\t<div class=\"elementor-background-video-container\">\n\t\t\t\t\t\t\t\t\t\t\t\t\t<div class=\"elementor-background-video-embed\" role=\"presentation\"><\/div>\n\t\t\t\t\t\t\t\t\t\t\t\t<\/div>\n\t\t\t\t\t\t\t\t\t<div class=\"elementor-background-overlay\"><\/div>\n\t\t\t\t\t\t\t<div class=\"elementor-container elementor-column-gap-default\">\n\t\t\t\t\t<div class=\"elementor-column elementor-col-100 elementor-top-column elementor-element elementor-element-333bba8d\" data-id=\"333bba8d\" data-element_type=\"column\" data-e-type=\"column\">\n\t\t\t<div class=\"elementor-widget-wrap elementor-element-populated\">\n\t\t\t\t\t\t<section class=\"elementor-section elementor-inner-section elementor-element elementor-element-11798b23 elementor-section-boxed elementor-section-height-default elementor-section-height-default\" data-id=\"11798b23\" data-element_type=\"section\" data-e-type=\"section\" data-settings=\"{&quot;background_background&quot;:&quot;classic&quot;}\">\n\t\t\t\t\t\t<div class=\"elementor-container elementor-column-gap-default\">\n\t\t\t\t\t<div class=\"elementor-column elementor-col-100 elementor-inner-column elementor-element elementor-element-307da5a5\" data-id=\"307da5a5\" data-element_type=\"column\" data-e-type=\"column\">\n\t\t\t<div class=\"elementor-widget-wrap elementor-element-populated\">\n\t\t\t\t\t\t<div class=\"elementor-element elementor-element-463023fe elementor-invisible elementor-widget elementor-widget-text-editor\" data-id=\"463023fe\" data-element_type=\"widget\" data-e-type=\"widget\" data-settings=\"{&quot;_animation&quot;:&quot;fadeIn&quot;}\" data-widget_type=\"text-editor.default\">\n\t\t\t\t<div class=\"elementor-widget-container\">\n\t\t\t\t\t\t\t\t\t<p>Aguarde. Vem a\u00ed!<\/p>\t\t\t\t\t\t\t\t<\/div>\n\t\t\t\t<\/div>\n\t\t\t\t<div class=\"elementor-element elementor-element-b5a8a34 elementor-invisible elementor-widget elementor-widget-heading\" data-id=\"b5a8a34\" data-element_type=\"widget\" data-e-type=\"widget\" data-settings=\"{&quot;_animation&quot;:&quot;fadeIn&quot;,&quot;_animation_delay&quot;:200}\" data-widget_type=\"heading.default\">\n\t\t\t\t<div class=\"elementor-widget-container\">\n\t\t\t\t\t<h2 class=\"elementor-heading-title elementor-size-default\">CMC adventure<\/h2>\t\t\t\t<\/div>\n\t\t\t\t<\/div>\n\t\t\t\t<div class=\"elementor-element elementor-element-2769074c elementor-widget elementor-widget-text-editor\" data-id=\"2769074c\" data-element_type=\"widget\" data-e-type=\"widget\" data-widget_type=\"text-editor.default\">\n\t\t\t\t<div class=\"elementor-widget-container\">\n\t\t\t\t\t\t\t\t\t<p>A nova era dos motores\u00a0 tem + a\u00e7\u00e3o e movimento para os amantes de ve\u00edculos.<\/p>\t\t\t\t\t\t\t\t<\/div>\n\t\t\t\t<\/div>\n\t\t\t\t<div class=\"elementor-element elementor-element-1e571712 elementor-widget__width-auto elementor-invisible elementor-widget elementor-widget-button\" data-id=\"1e571712\" data-element_type=\"widget\" data-e-type=\"widget\" data-settings=\"{&quot;_animation&quot;:&quot;fadeIn&quot;,&quot;_animation_delay&quot;:400}\" data-widget_type=\"button.default\">\n\t\t\t\t<div class=\"elementor-widget-container\">\n\t\t\t\t\t\t\t\t\t<div class=\"elementor-button-wrapper\">\n\t\t\t\t\t<a class=\"elementor-button elementor-button-link elementor-size-sm elementor-animation-buzz\" href=\"#\">\n\t\t\t\t\t\t<span class=\"elementor-button-content-wrapper\">\n\t\t\t\t\t\t<span class=\"elementor-button-icon\">\n\t\t\t\t<svg aria-hidden=\"true\" class=\"e-font-icon-svg e-far-arrow-alt-circle-right\" viewBox=\"0 0 512 512\" xmlns=\"http:\/\/www.w3.org\/2000\/svg\"><path d=\"M504 256C504 119 393 8 256 8S8 119 8 256s111 248 248 248 248-111 248-248zm-448 0c0-110.5 89.5-200 200-200s200 89.5 200 200-89.5 200-200 200S56 366.5 56 256zm72 20v-40c0-6.6 5.4-12 12-12h116v-67c0-10.7 12.9-16 20.5-8.5l99 99c4.7 4.7 4.7 12.3 0 17l-99 99c-7.6 7.6-20.5 2.2-20.5-8.5v-67H140c-6.6 0-12-5.4-12-12z\"><\/path><\/svg>\t\t\t<\/span>\n\t\t\t\t\t\t\t\t\t<span class=\"elementor-button-text\">Ela<\/span>\n\t\t\t\t\t<\/span>\n\t\t\t\t\t<\/a>\n\t\t\t\t<\/div>\n\t\t\t\t\t\t\t\t<\/div>\n\t\t\t\t<\/div>\n\t\t\t\t<div class=\"elementor-element elementor-element-52ee3cf4 elementor-widget__width-auto elementor-invisible elementor-widget elementor-widget-button\" data-id=\"52ee3cf4\" data-element_type=\"widget\" data-e-type=\"widget\" data-settings=\"{&quot;_animation&quot;:&quot;fadeIn&quot;,&quot;_animation_delay&quot;:700}\" data-widget_type=\"button.default\">\n\t\t\t\t<div class=\"elementor-widget-container\">\n\t\t\t\t\t\t\t\t\t<div class=\"elementor-button-wrapper\">\n\t\t\t\t\t<a class=\"elementor-button elementor-button-link elementor-size-sm elementor-animation-buzz\" href=\"#\">\n\t\t\t\t\t\t<span class=\"elementor-button-content-wrapper\">\n\t\t\t\t\t\t<span class=\"elementor-button-icon\">\n\t\t\t\t<svg aria-hidden=\"true\" class=\"e-font-icon-svg e-far-arrow-alt-circle-right\" viewBox=\"0 0 512 512\" xmlns=\"http:\/\/www.w3.org\/2000\/svg\"><path d=\"M504 256C504 119 393 8 256 8S8 119 8 256s111 248 248 248 248-111 248-248zm-448 0c0-110.5 89.5-200 200-200s200 89.5 200 200-89.5 200-200 200S56 366.5 56 256zm72 20v-40c0-6.6 5.4-12 12-12h116v-67c0-10.7 12.9-16 20.5-8.5l99 99c4.7 4.7 4.7 12.3 0 17l-99 99c-7.6 7.6-20.5 2.2-20.5-8.5v-67H140c-6.6 0-12-5.4-12-12z\"><\/path><\/svg>\t\t\t<\/span>\n\t\t\t\t\t\t\t\t\t<span class=\"elementor-button-text\">Ele<\/span>\n\t\t\t\t\t<\/span>\n\t\t\t\t\t<\/a>\n\t\t\t\t<\/div>\n\t\t\t\t\t\t\t\t<\/div>\n\t\t\t\t<\/div>\n\t\t\t\t\t<\/div>\n\t\t<\/div>\n\t\t\t\t\t<\/div>\n\t\t<\/section>\n\t\t\t\t\t<\/div>\n\t\t<\/div>\n\t\t\t\t\t<\/div>\n\t\t<\/section>\n\t\t<div class=\"elementor-element elementor-element-1467f48 e-flex e-con-boxed e-con e-parent\" data-id=\"1467f48\" data-element_type=\"container\" data-e-type=\"container\">\n\t\t\t\t\t<div class=\"e-con-inner\">\n\t\t\t\t\t<\/div>\n\t\t\t\t<\/div>\n\t\t<div class=\"elementor-element elementor-element-aa1e3a2 e-flex e-con-boxed e-con e-parent\" data-id=\"aa1e3a2\" data-element_type=\"container\" data-e-type=\"container\">\n\t\t\t\t\t<div class=\"e-con-inner\">\n\t\t\t\t<div class=\"elementor-element elementor-element-560343a elementor-widget elementor-widget-shortcode\" data-id=\"560343a\" data-element_type=\"widget\" data-e-type=\"widget\" data-widget_type=\"shortcode.default\">\n\t\t\t\t<div class=\"elementor-widget-container\">\n\t\t\t\t\t\t\t<div class=\"elementor-shortcode\"><div class=\"bupr-shortcode-top-members-contents bupr_members_review_setting\"><h2><\/h2><ul class=\"bupr-member-main\"><li class=\"bupr-members\"><div class=\"bupr-img-widget\"><img alt='' src='\/\/www.gravatar.com\/avatar\/a8c7e56083dbceb8016f5e22caae52cd?s=50&#038;r=pg&#038;d=mm' srcset='\/\/www.gravatar.com\/avatar\/a8c7e56083dbceb8016f5e22caae52cd?s=50&#038;r=pg&#038;d=mm 2x' class='avatar avatar-50 photo' height='50' width='50' \/><\/div><div class=\"bupr-content-widget\"><div class=\"bupr-member-title\">pedro<\/div><div class=\"bupr-member-rating\"><span class=\"fas fa-star bupr-star-rate\"><\/span><span class=\"fas fa-star bupr-star-rate\"><\/span><span class=\"fas fa-star bupr-star-rate\"><\/span><span class=\"fas fa-star bupr-star-rate\"><\/span><span class=\"far fa-star bupr-star-rate\"><\/span><\/div><span class=\"bupr-meta\">Rating: 4.14\/5 (2 reviews)<\/span><\/div><\/li><li class=\"bupr-members\"><div class=\"bupr-img-widget\"><img alt='' src='https:\/\/cmc.azclan.com\/br\/wp-content\/uploads\/avatars\/1\/1737433694-bpthumb.png' srcset='https:\/\/cmc.azclan.com\/br\/wp-content\/uploads\/avatars\/1\/1737433694-bpfull.png 2x' class='avatar avatar-50 photo' height='50' width='50' \/><\/div><div class=\"bupr-content-widget\"><div class=\"bupr-member-title\">messijurere<\/div><div class=\"bupr-member-rating\"><span class=\"fas fa-star bupr-star-rate\"><\/span><span class=\"fas fa-star bupr-star-rate\"><\/span><span class=\"fas fa-star bupr-star-rate\"><\/span><span class=\"fas fa-star-half-alt bupr-star-rate\"><\/span><span class=\"far fa-star bupr-star-rate\"><\/span><\/div><span class=\"bupr-meta\">Rating: 3.71\/5 (1 reviews)<\/span><\/div><\/li><li class=\"bupr-members\"><div class=\"bupr-img-widget\"><img alt='' src='\/\/www.gravatar.com\/avatar\/8786b71b6f5415d4381d271a31d7318b?s=50&#038;r=pg&#038;d=mm' srcset='\/\/www.gravatar.com\/avatar\/8786b71b6f5415d4381d271a31d7318b?s=50&#038;r=pg&#038;d=mm 2x' class='avatar avatar-50 photo' height='50' width='50' \/><\/div><div class=\"bupr-content-widget\"><div class=\"bupr-member-title\">erika<\/div><div class=\"bupr-member-rating\"><span class=\"fas fa-star bupr-star-rate\"><\/span><span class=\"fas fa-star bupr-star-rate\"><\/span><span class=\"fas fa-star-half-alt bupr-star-rate\"><\/span><span class=\"far fa-star bupr-star-rate\"><\/span><span class=\"far fa-star bupr-star-rate\"><\/span><\/div><span class=\"bupr-meta\">Rating: 2.68\/5 (3 reviews)<\/span><\/div><\/li><li class=\"bupr-members\"><div class=\"bupr-img-widget\"><img alt='' src='\/\/www.gravatar.com\/avatar\/f05b6299763e16b509218fb17411a84b?s=50&#038;r=pg&#038;d=mm' srcset='\/\/www.gravatar.com\/avatar\/f05b6299763e16b509218fb17411a84b?s=50&#038;r=pg&#038;d=mm 2x' class='avatar avatar-50 photo' height='50' width='50' \/><\/div><div class=\"bupr-content-widget\"><div class=\"bupr-member-title\">matheus<\/div><div class=\"bupr-member-rating\"><span class=\"far fa-star bupr-star-rate\"><\/span><span class=\"far fa-star bupr-star-rate\"><\/span><span class=\"far fa-star bupr-star-rate\"><\/span><span class=\"far fa-star bupr-star-rate\"><\/span><span class=\"far fa-star bupr-star-rate\"><\/span><\/div><span class=\"bupr-meta\">Rating: 0\/5 (0 reviews)<\/span><\/div><\/li><li class=\"bupr-members\"><div class=\"bupr-img-widget\"><img alt='' src='\/\/www.gravatar.com\/avatar\/304bbd281132e016b310a96a3ce5f825?s=50&#038;r=pg&#038;d=mm' srcset='\/\/www.gravatar.com\/avatar\/304bbd281132e016b310a96a3ce5f825?s=50&#038;r=pg&#038;d=mm 2x' class='avatar avatar-50 photo' height='50' width='50' \/><\/div><div class=\"bupr-content-widget\"><div class=\"bupr-member-title\">carlos<\/div><div class=\"bupr-member-rating\"><span class=\"far fa-star bupr-star-rate\"><\/span><span class=\"far fa-star bupr-star-rate\"><\/span><span class=\"far fa-star bupr-star-rate\"><\/span><span class=\"far fa-star bupr-star-rate\"><\/span><span class=\"far fa-star bupr-star-rate\"><\/span><\/div><span class=\"bupr-meta\">Rating: 0\/5 (0 reviews)<\/span><\/div><\/li><\/ul><\/div><\/div>\n\t\t\t\t\t\t<\/div>\n\t\t\t\t<\/div>\n\t\t\t\t\t<\/div>\n\t\t\t\t<\/div>\n\t\t\t\t<\/div>\n\t\t","protected":false},"excerpt":{"rendered":"<p>Clique aqui + A\u00e7\u00e3o e movimento para elas. Elas \u00e9 o nome oficial de cl\u00e3s de rol\u00e9 do g\u00eanero feminino. Aten\u00e7\u00e3o mulherada! Chegou o seu momentium de arrasar nas pistas, prepare seus motores que a aventura vai come\u00e7ar!+ Emo\u00e7\u00e3o para seus dias, e + vigor para seus motores.Vamos tirar voc\u00ea da telinha e trazer para &hellip; <a href=\"https:\/\/cmc.azclan.com\/br\/elas-o-que-e\/\" class=\"more-link\">Continue reading<span class=\"screen-reader-text\"> &#8220;Elas. O que \u00e9?&#8221;<\/span><\/a><\/p>\n","protected":false},"author":1,"featured_media":0,"parent":0,"menu_order":0,"comment_status":"closed","ping_status":"closed","template":"","meta":{"postBodyCss":"","postBodyMargin":[],"postBodyPadding":[],"postBodyBackground":{"backgroundType":"classic","gradient":""},"footnotes":""},"class_list":["post-670","page","type-page","status-publish","hentry"],"yoast_head":"<!-- This site is optimized with the Yoast SEO plugin v27.4 - https:\/\/yoast.com\/product\/yoast-seo-wordpress\/ -->\n<title>Elas. O que \u00e9? - CMC<\/title>\n<meta name=\"robots\" content=\"index, follow, max-snippet:-1, max-image-preview:large, max-video-preview:-1\" \/>\n<link rel=\"canonical\" href=\"https:\/\/cmc.azclan.com\/br\/elas-o-que-e\/\" \/>\n<meta property=\"og:locale\" content=\"pt_BR\" \/>\n<meta property=\"og:type\" content=\"article\" \/>\n<meta property=\"og:title\" content=\"Elas. O que \u00e9? - CMC\" \/>\n<meta property=\"og:description\" content=\"Clique aqui + A\u00e7\u00e3o e movimento para elas. Elas \u00e9 o nome oficial de cl\u00e3s de rol\u00e9 do g\u00eanero feminino. Aten\u00e7\u00e3o mulherada! Chegou o seu momentium de arrasar nas pistas, prepare seus motores que a aventura vai come\u00e7ar!+ Emo\u00e7\u00e3o para seus dias, e + vigor para seus motores.Vamos tirar voc\u00ea da telinha e trazer para &hellip; Continue reading &quot;Elas. O que \u00e9?&quot;\" \/>\n<meta property=\"og:url\" content=\"https:\/\/cmc.azclan.com\/br\/elas-o-que-e\/\" \/>\n<meta property=\"og:site_name\" content=\"CMC\" \/>\n<meta property=\"article:modified_time\" content=\"2025-09-23T19:43:48+00:00\" \/>\n<meta property=\"og:image\" content=\"https:\/\/cmc.azclan.com\/br\/wp-content\/uploads\/2025\/02\/bike-3321071_1280-2-682x1024.jpg\" \/>\n<meta name=\"twitter:card\" content=\"summary_large_image\" \/>\n<meta name=\"twitter:label1\" content=\"Est. tempo de leitura\" \/>\n\t<meta name=\"twitter:data1\" content=\"2 minutos\" \/>\n<script type=\"application\/ld+json\" class=\"yoast-schema-graph\">{\"@context\":\"https:\\\/\\\/schema.org\",\"@graph\":[{\"@type\":\"WebPage\",\"@id\":\"https:\\\/\\\/cmc.azclan.com\\\/br\\\/elas-o-que-e\\\/\",\"url\":\"https:\\\/\\\/cmc.azclan.com\\\/br\\\/elas-o-que-e\\\/\",\"name\":\"Elas. O que \u00e9? - CMC\",\"isPartOf\":{\"@id\":\"https:\\\/\\\/cmc.azclan.com\\\/br\\\/#website\"},\"primaryImageOfPage\":{\"@id\":\"https:\\\/\\\/cmc.azclan.com\\\/br\\\/elas-o-que-e\\\/#primaryimage\"},\"image\":{\"@id\":\"https:\\\/\\\/cmc.azclan.com\\\/br\\\/elas-o-que-e\\\/#primaryimage\"},\"thumbnailUrl\":\"https:\\\/\\\/cmc.azclan.com\\\/br\\\/wp-content\\\/uploads\\\/2025\\\/02\\\/bike-3321071_1280-2-682x1024.jpg\",\"datePublished\":\"2025-01-20T04:05:20+00:00\",\"dateModified\":\"2025-09-23T19:43:48+00:00\",\"breadcrumb\":{\"@id\":\"https:\\\/\\\/cmc.azclan.com\\\/br\\\/elas-o-que-e\\\/#breadcrumb\"},\"inLanguage\":\"pt-BR\",\"potentialAction\":[{\"@type\":\"ReadAction\",\"target\":[\"https:\\\/\\\/cmc.azclan.com\\\/br\\\/elas-o-que-e\\\/\"]}]},{\"@type\":\"ImageObject\",\"inLanguage\":\"pt-BR\",\"@id\":\"https:\\\/\\\/cmc.azclan.com\\\/br\\\/elas-o-que-e\\\/#primaryimage\",\"url\":\"\",\"contentUrl\":\"\"},{\"@type\":\"BreadcrumbList\",\"@id\":\"https:\\\/\\\/cmc.azclan.com\\\/br\\\/elas-o-que-e\\\/#breadcrumb\",\"itemListElement\":[{\"@type\":\"ListItem\",\"position\":1,\"name\":\"In\u00edcio\",\"item\":\"https:\\\/\\\/cmc.azclan.com\\\/br\\\/biela\\\/\"},{\"@type\":\"ListItem\",\"position\":2,\"name\":\"Elas. O que \u00e9?\"}]},{\"@type\":\"WebSite\",\"@id\":\"https:\\\/\\\/cmc.azclan.com\\\/br\\\/#website\",\"url\":\"https:\\\/\\\/cmc.azclan.com\\\/br\\\/\",\"name\":\"CMC\",\"description\":\"\",\"publisher\":{\"@id\":\"https:\\\/\\\/cmc.azclan.com\\\/br\\\/#organization\"},\"alternateName\":\"Azclan\",\"potentialAction\":[{\"@type\":\"SearchAction\",\"target\":{\"@type\":\"EntryPoint\",\"urlTemplate\":\"https:\\\/\\\/cmc.azclan.com\\\/br\\\/?s={search_term_string}\"},\"query-input\":{\"@type\":\"PropertyValueSpecification\",\"valueRequired\":true,\"valueName\":\"search_term_string\"}}],\"inLanguage\":\"pt-BR\"},{\"@type\":\"Organization\",\"@id\":\"https:\\\/\\\/cmc.azclan.com\\\/br\\\/#organization\",\"name\":\"cmc.azclan.com\\\/br\\\/\",\"alternateName\":\"cmc\",\"url\":\"https:\\\/\\\/cmc.azclan.com\\\/br\\\/\",\"logo\":{\"@type\":\"ImageObject\",\"inLanguage\":\"pt-BR\",\"@id\":\"https:\\\/\\\/cmc.azclan.com\\\/br\\\/#\\\/schema\\\/logo\\\/image\\\/\",\"url\":\"https:\\\/\\\/cmc.azclan.com\\\/br\\\/wp-content\\\/uploads\\\/2025\\\/01\\\/SGN_12_24_2024_1735070580955-e1738120586114.png\",\"contentUrl\":\"https:\\\/\\\/cmc.azclan.com\\\/br\\\/wp-content\\\/uploads\\\/2025\\\/01\\\/SGN_12_24_2024_1735070580955-e1738120586114.png\",\"width\":1450,\"height\":1470,\"caption\":\"cmc.azclan.com\\\/br\\\/\"},\"image\":{\"@id\":\"https:\\\/\\\/cmc.azclan.com\\\/br\\\/#\\\/schema\\\/logo\\\/image\\\/\"}}]}<\/script>\n<!-- \/ Yoast SEO plugin. -->","yoast_head_json":{"title":"Elas. O que \u00e9? - CMC","robots":{"index":"index","follow":"follow","max-snippet":"max-snippet:-1","max-image-preview":"max-image-preview:large","max-video-preview":"max-video-preview:-1"},"canonical":"https:\/\/cmc.azclan.com\/br\/elas-o-que-e\/","og_locale":"pt_BR","og_type":"article","og_title":"Elas. O que \u00e9? - CMC","og_description":"Clique aqui + A\u00e7\u00e3o e movimento para elas. Elas \u00e9 o nome oficial de cl\u00e3s de rol\u00e9 do g\u00eanero feminino. Aten\u00e7\u00e3o mulherada! Chegou o seu momentium de arrasar nas pistas, prepare seus motores que a aventura vai come\u00e7ar!+ Emo\u00e7\u00e3o para seus dias, e + vigor para seus motores.Vamos tirar voc\u00ea da telinha e trazer para &hellip; Continue reading \"Elas. O que \u00e9?\"","og_url":"https:\/\/cmc.azclan.com\/br\/elas-o-que-e\/","og_site_name":"CMC","article_modified_time":"2025-09-23T19:43:48+00:00","og_image":[{"url":"https:\/\/cmc.azclan.com\/br\/wp-content\/uploads\/2025\/02\/bike-3321071_1280-2-682x1024.jpg","type":"","width":"","height":""}],"twitter_card":"summary_large_image","twitter_misc":{"Est. tempo de leitura":"2 minutos"},"schema":{"@context":"https:\/\/schema.org","@graph":[{"@type":"WebPage","@id":"https:\/\/cmc.azclan.com\/br\/elas-o-que-e\/","url":"https:\/\/cmc.azclan.com\/br\/elas-o-que-e\/","name":"Elas. O que \u00e9? - CMC","isPartOf":{"@id":"https:\/\/cmc.azclan.com\/br\/#website"},"primaryImageOfPage":{"@id":"https:\/\/cmc.azclan.com\/br\/elas-o-que-e\/#primaryimage"},"image":{"@id":"https:\/\/cmc.azclan.com\/br\/elas-o-que-e\/#primaryimage"},"thumbnailUrl":"https:\/\/cmc.azclan.com\/br\/wp-content\/uploads\/2025\/02\/bike-3321071_1280-2-682x1024.jpg","datePublished":"2025-01-20T04:05:20+00:00","dateModified":"2025-09-23T19:43:48+00:00","breadcrumb":{"@id":"https:\/\/cmc.azclan.com\/br\/elas-o-que-e\/#breadcrumb"},"inLanguage":"pt-BR","potentialAction":[{"@type":"ReadAction","target":["https:\/\/cmc.azclan.com\/br\/elas-o-que-e\/"]}]},{"@type":"ImageObject","inLanguage":"pt-BR","@id":"https:\/\/cmc.azclan.com\/br\/elas-o-que-e\/#primaryimage","url":"","contentUrl":""},{"@type":"BreadcrumbList","@id":"https:\/\/cmc.azclan.com\/br\/elas-o-que-e\/#breadcrumb","itemListElement":[{"@type":"ListItem","position":1,"name":"In\u00edcio","item":"https:\/\/cmc.azclan.com\/br\/biela\/"},{"@type":"ListItem","position":2,"name":"Elas. O que \u00e9?"}]},{"@type":"WebSite","@id":"https:\/\/cmc.azclan.com\/br\/#website","url":"https:\/\/cmc.azclan.com\/br\/","name":"CMC","description":"","publisher":{"@id":"https:\/\/cmc.azclan.com\/br\/#organization"},"alternateName":"Azclan","potentialAction":[{"@type":"SearchAction","target":{"@type":"EntryPoint","urlTemplate":"https:\/\/cmc.azclan.com\/br\/?s={search_term_string}"},"query-input":{"@type":"PropertyValueSpecification","valueRequired":true,"valueName":"search_term_string"}}],"inLanguage":"pt-BR"},{"@type":"Organization","@id":"https:\/\/cmc.azclan.com\/br\/#organization","name":"cmc.azclan.com\/br\/","alternateName":"cmc","url":"https:\/\/cmc.azclan.com\/br\/","logo":{"@type":"ImageObject","inLanguage":"pt-BR","@id":"https:\/\/cmc.azclan.com\/br\/#\/schema\/logo\/image\/","url":"https:\/\/cmc.azclan.com\/br\/wp-content\/uploads\/2025\/01\/SGN_12_24_2024_1735070580955-e1738120586114.png","contentUrl":"https:\/\/cmc.azclan.com\/br\/wp-content\/uploads\/2025\/01\/SGN_12_24_2024_1735070580955-e1738120586114.png","width":1450,"height":1470,"caption":"cmc.azclan.com\/br\/"},"image":{"@id":"https:\/\/cmc.azclan.com\/br\/#\/schema\/logo\/image\/"}}]}},"_links":{"self":[{"href":"https:\/\/cmc.azclan.com\/br\/wp-json\/wp\/v2\/pages\/670","targetHints":{"allow":["GET"]}}],"collection":[{"href":"https:\/\/cmc.azclan.com\/br\/wp-json\/wp\/v2\/pages"}],"about":[{"href":"https:\/\/cmc.azclan.com\/br\/wp-json\/wp\/v2\/types\/page"}],"author":[{"embeddable":true,"href":"https:\/\/cmc.azclan.com\/br\/wp-json\/wp\/v2\/users\/1"}],"replies":[{"embeddable":true,"href":"https:\/\/cmc.azclan.com\/br\/wp-json\/wp\/v2\/comments?post=670"}],"version-history":[{"count":66,"href":"https:\/\/cmc.azclan.com\/br\/wp-json\/wp\/v2\/pages\/670\/revisions"}],"predecessor-version":[{"id":3023,"href":"https:\/\/cmc.azclan.com\/br\/wp-json\/wp\/v2\/pages\/670\/revisions\/3023"}],"wp:attachment":[{"href":"https:\/\/cmc.azclan.com\/br\/wp-json\/wp\/v2\/media?parent=670"}],"curies":[{"name":"wp","href":"https:\/\/api.w.org\/{rel}","templated":true}]}}